{"id":11883,"date":"2019-07-01T13:39:37","date_gmt":"2019-07-01T11:39:37","guid":{"rendered":"https:\/\/2019.rendezvousbundesplatz.ch\/?page_id=11883"},"modified":"2025-11-26T14:00:09","modified_gmt":"2025-11-26T13:00:09","slug":"bienvenue","status":"publish","type":"page","link":"https:\/\/www.rendezvousbundesplatz.ch\/fr\/","title":{"rendered":"Bienvenue"},"content":{"rendered":"<div class=\"wpb-content-wrapper\"><p>[vc_row css_animation=\u00a0\u00bb\u00a0\u00bb row_type=\u00a0\u00bbrow\u00a0\u00bb use_row_as_full_screen_section=\u00a0\u00bbyes\u00a0\u00bb type=\u00a0\u00bbfull_width\u00a0\u00bb angled_section=\u00a0\u00bbno\u00a0\u00bb text_align=\u00a0\u00bbleft\u00a0\u00bb background_image_as_pattern=\u00a0\u00bbwithout_pattern\u00a0\u00bb][vc_column][rev_slider_vc alias=\u00a0\u00bbwelcome-fr-2025&Prime;][\/vc_column][\/vc_row][vc_row css_animation=\u00a0\u00bb\u00a0\u00bb row_type=\u00a0\u00bbrow\u00a0\u00bb use_row_as_full_screen_section=\u00a0\u00bbyes\u00a0\u00bb type=\u00a0\u00bbfull_width\u00a0\u00bb angled_section=\u00a0\u00bbno\u00a0\u00bb text_align=\u00a0\u00bbleft\u00a0\u00bb background_image_as_pattern=\u00a0\u00bbwithout_pattern\u00a0\u00bb z_index=\u00a0\u00bb\u00a0\u00bb css=\u00a0\u00bb.vc_custom_1732522328561{margin-bottom: 0px !important;padding-bottom: 0px !important;}\u00a0\u00bb el_class=\u00a0\u00bbhide_box\u00a0\u00bb][vc_column offset=\u00a0\u00bbvc_hidden-lg vc_hidden-md vc_hidden-sm vc_hidden-xs\u00a0\u00bb][vc_column_text css=\u00a0\u00bb.vc_custom_1731420248360{margin-bottom: 0px !important;padding-top: 30px !important;padding-right: 10px !important;padding-bottom: 30px !important;padding-left: 10px !important;background-color: #F18C00 !important;}\u00a0\u00bb el_class=\u00a0\u00bbhome_yellow_box\u00a0\u00bb]<\/p>\n<h2>Devenez donateur\/donatrice de \u00ab Rendez-vous Bundesplatz \u00bb<\/h2>\n<p>Depuis des ann\u00e9es, les d\u00e9penses techniques pour le spectacle ne diminuent pas, mais les fonds des sponsors, si. C&rsquo;est pourquoi il est d\u00e9sormais possible de soutenir le spectacle son et lumi\u00e8re en faisant un don.<br \/><a class=\"qbutton small center default\" style=\"border-color: rgba(10, 33, 63, 1); font-weight: bold; font-size: 12px; background-color: rgba(10, 33, 63, 1); color: #ffffff; margin-top: 30px;\" href=\"https:\/\/www.rendezvousbundesplatz.ch\/fr\/support\/\" target=\"_self\" rel=\"noopener\" data-hover-background-color=\"#fff\" data-hover-border-color=\"#fff\" data-hover-color=\"rgba(10, 33, 63, 1)\">Faire un don maintenant !<\/a><\/p>\n<h2>R\u00e9server une table au Bistro Rendez-vous Bundesplatz<\/h2>\n<p><a class=\"qbutton small center default\" style=\"border-color: rgba(10, 33, 63, 1); font-weight: bold; font-size: 12px; background-color: rgba(10, 33, 63, 1); color: #ffffff; margin-top: 30px;\" href=\"https:\/\/forms.office.com\/Pages\/ResponsePage.aspx?id=W4yqNQqsFUuXiP9t-iKQH7tgMZy0yItCrQ0AKn2rmyFUNUM2MEw4NUtJRjEzS1hSQkdFRFFXMjZJNyQlQCN0PWcu&amp;origin=Invitation&amp;channel=0\" target=\"_blank\" rel=\"noopener\" data-hover-background-color=\"#fff\" data-hover-border-color=\"#fff\" data-hover-color=\"rgba(10, 33, 63, 1)\">R\u00e9servez votre table maintenant<\/a>[\/vc_column_text][\/vc_column][\/vc_row][vc_row css_animation=\u00a0\u00bb\u00a0\u00bb row_type=\u00a0\u00bbrow\u00a0\u00bb use_row_as_full_screen_section=\u00a0\u00bbno\u00a0\u00bb type=\u00a0\u00bbgrid\u00a0\u00bb angled_section=\u00a0\u00bbno\u00a0\u00bb text_align=\u00a0\u00bbcenter\u00a0\u00bb background_image_as_pattern=\u00a0\u00bbwithout_pattern\u00a0\u00bb z_index=\u00a0\u00bb\u00a0\u00bb padding_bottom=\u00a0\u00bb60&Prime;][vc_column][vc_column_text css=\u00a0\u00bb\u00a0\u00bb]<\/p>\n<h2>Rendez-vous Bundesplatz 2025 \/ \u00abVOYAGE\u00bb<\/h2>\n<p><span style=\"color: #ffffff;\">En 2025, quelque 465&rsquo;500 visiteurs ont entrepris un voyage autour du monde riche en images et en sons.<\/span><\/p>\n<p><span style=\"color: #ffffff;\"><strong>Le 16e Rendez-vous Bundesplatz est pr\u00e9vu du 17 octobre au 21 novembre 2026.<\/strong><\/span>[\/vc_column_text][\/vc_column][\/vc_row]<\/p>\n<\/div>","protected":false},"excerpt":{"rendered":"<p>[vc_row css_animation=\u00a0\u00bb\u00a0\u00bb row_type=\u00a0\u00bbrow\u00a0\u00bb use_row_as_full_screen_section=\u00a0\u00bbyes\u00a0\u00bb type=\u00a0\u00bbfull_width\u00a0\u00bb angled_section=\u00a0\u00bbno\u00a0\u00bb text_align=\u00a0\u00bbleft\u00a0\u00bb background_image_as_pattern=\u00a0\u00bbwithout_pattern\u00a0\u00bb][vc_column][rev_slider_vc alias=\u00a0\u00bbwelcome-fr-2025&Prime;][\/vc_column][\/vc_row][vc_row css_animation=\u00a0\u00bb\u00a0\u00bb row_type=\u00a0\u00bbrow\u00a0\u00bb use_row_as_full_screen_section=\u00a0\u00bbyes\u00a0\u00bb type=\u00a0\u00bbfull_width\u00a0\u00bb angled_section=\u00a0\u00bbno\u00a0\u00bb text_align=\u00a0\u00bbleft\u00a0\u00bb background_image_as_pattern=\u00a0\u00bbwithout_pattern\u00a0\u00bb z_index=\u00a0\u00bb\u00a0\u00bb css=\u00a0\u00bb.vc_custom_1732522328561{margin-bottom: 0px !important;padding-bottom: 0px !important;}\u00a0\u00bb el_class=\u00a0\u00bbhide_box\u00a0\u00bb][vc_column offset=\u00a0\u00bbvc_hidden-lg vc_hidden-md vc_hidden-sm vc_hidden-xs\u00a0\u00bb][vc_column_text css=\u00a0\u00bb.vc_custom_1731420248360{margin-bottom: 0px !important;padding-top: 30px !important;padding-right: 10px !important;padding-bottom: 30px !important;padding-left: 10px !important;background-color: #F18C00 !important;}\u00a0\u00bb el_class=\u00a0\u00bbhome_yellow_box\u00a0\u00bb] Devenez donateur\/donatrice de \u00ab&#8230;<\/p>\n","protected":false},"author":2,"featured_media":0,"parent":0,"menu_order":0,"comment_status":"closed","ping_status":"closed","template":"full_width.php","meta":{"footnotes":""},"class_list":["post-11883","page","type-page","status-publish","hentry"],"yoast_head":"<!-- This site is optimized with the Yoast SEO plugin v27.0 - https:\/\/yoast.com\/product\/yoast-seo-wordpress\/ -->\n<title>Rendez-vous Bundesplatz<\/title>\n<meta name=\"description\" content=\"Rendez-vous Bundsplatz Son et Lumi\u00e8re Bundeshaus Bern\" \/>\n<meta name=\"robots\" content=\"index, follow, max-snippet:-1, max-image-preview:large, max-video-preview:-1\" \/>\n<link rel=\"canonical\" href=\"https:\/\/www.rendezvousbundesplatz.ch\/fr\/bienvenue\/\" \/>\n<meta property=\"og:locale\" content=\"fr_FR\" \/>\n<meta property=\"og:type\" content=\"article\" \/>\n<meta property=\"og:title\" content=\"Rendez-vous Bundesplatz\" \/>\n<meta property=\"og:description\" content=\"Rendez-vous Bundsplatz Son et Lumi\u00e8re Bundeshaus Bern\" \/>\n<meta property=\"og:url\" content=\"https:\/\/www.rendezvousbundesplatz.ch\/fr\/bienvenue\/\" \/>\n<meta property=\"og:site_name\" content=\"Rendez-vous Bundesplatz\" \/>\n<meta property=\"article:modified_time\" content=\"2025-11-26T13:00:09+00:00\" \/>\n<meta name=\"twitter:label1\" content=\"Dur\u00e9e de lecture estim\u00e9e\" \/>\n\t<meta name=\"twitter:data1\" content=\"1 minute\" \/>\n<script type=\"application\/ld+json\" class=\"yoast-schema-graph\">{\"@context\":\"https:\/\/schema.org\",\"@graph\":[{\"@type\":\"WebPage\",\"@id\":\"https:\/\/www.rendezvousbundesplatz.ch\/fr\/bienvenue\/\",\"url\":\"https:\/\/www.rendezvousbundesplatz.ch\/fr\/bienvenue\/\",\"name\":\"Rendez-vous Bundesplatz\",\"isPartOf\":{\"@id\":\"https:\/\/www.rendezvousbundesplatz.ch\/#website\"},\"datePublished\":\"2019-07-01T11:39:37+00:00\",\"dateModified\":\"2025-11-26T13:00:09+00:00\",\"description\":\"Rendez-vous Bundsplatz Son et Lumi\u00e8re Bundeshaus Bern\",\"breadcrumb\":{\"@id\":\"https:\/\/www.rendezvousbundesplatz.ch\/fr\/bienvenue\/#breadcrumb\"},\"inLanguage\":\"fr-FR\",\"potentialAction\":[{\"@type\":\"ReadAction\",\"target\":[\"https:\/\/www.rendezvousbundesplatz.ch\/fr\/bienvenue\/\"]}]},{\"@type\":\"BreadcrumbList\",\"@id\":\"https:\/\/www.rendezvousbundesplatz.ch\/fr\/bienvenue\/#breadcrumb\",\"itemListElement\":[{\"@type\":\"ListItem\",\"position\":1,\"name\":\"Home\",\"item\":\"https:\/\/www.rendezvousbundesplatz.ch\/fr\/bienvenue\/\"},{\"@type\":\"ListItem\",\"position\":2,\"name\":\"Bienvenue\"}]},{\"@type\":\"WebSite\",\"@id\":\"https:\/\/www.rendezvousbundesplatz.ch\/#website\",\"url\":\"https:\/\/www.rendezvousbundesplatz.ch\/\",\"name\":\"Rendez-vous Bundesplatz\",\"description\":\"18 octobre au 22 novembre 2025\",\"potentialAction\":[{\"@type\":\"SearchAction\",\"target\":{\"@type\":\"EntryPoint\",\"urlTemplate\":\"https:\/\/www.rendezvousbundesplatz.ch\/?s={search_term_string}\"},\"query-input\":{\"@type\":\"PropertyValueSpecification\",\"valueRequired\":true,\"valueName\":\"search_term_string\"}}],\"inLanguage\":\"fr-FR\"}]}<\/script>\n<!-- \/ Yoast SEO plugin. -->","yoast_head_json":{"title":"Rendez-vous Bundesplatz","description":"Rendez-vous Bundsplatz Son et Lumi\u00e8re Bundeshaus Bern","robots":{"index":"index","follow":"follow","max-snippet":"max-snippet:-1","max-image-preview":"max-image-preview:large","max-video-preview":"max-video-preview:-1"},"canonical":"https:\/\/www.rendezvousbundesplatz.ch\/fr\/bienvenue\/","og_locale":"fr_FR","og_type":"article","og_title":"Rendez-vous Bundesplatz","og_description":"Rendez-vous Bundsplatz Son et Lumi\u00e8re Bundeshaus Bern","og_url":"https:\/\/www.rendezvousbundesplatz.ch\/fr\/bienvenue\/","og_site_name":"Rendez-vous Bundesplatz","article_modified_time":"2025-11-26T13:00:09+00:00","twitter_misc":{"Dur\u00e9e de lecture estim\u00e9e":"1 minute"},"schema":{"@context":"https:\/\/schema.org","@graph":[{"@type":"WebPage","@id":"https:\/\/www.rendezvousbundesplatz.ch\/fr\/bienvenue\/","url":"https:\/\/www.rendezvousbundesplatz.ch\/fr\/bienvenue\/","name":"Rendez-vous Bundesplatz","isPartOf":{"@id":"https:\/\/www.rendezvousbundesplatz.ch\/#website"},"datePublished":"2019-07-01T11:39:37+00:00","dateModified":"2025-11-26T13:00:09+00:00","description":"Rendez-vous Bundsplatz Son et Lumi\u00e8re Bundeshaus Bern","breadcrumb":{"@id":"https:\/\/www.rendezvousbundesplatz.ch\/fr\/bienvenue\/#breadcrumb"},"inLanguage":"fr-FR","potentialAction":[{"@type":"ReadAction","target":["https:\/\/www.rendezvousbundesplatz.ch\/fr\/bienvenue\/"]}]},{"@type":"BreadcrumbList","@id":"https:\/\/www.rendezvousbundesplatz.ch\/fr\/bienvenue\/#breadcrumb","itemListElement":[{"@type":"ListItem","position":1,"name":"Home","item":"https:\/\/www.rendezvousbundesplatz.ch\/fr\/bienvenue\/"},{"@type":"ListItem","position":2,"name":"Bienvenue"}]},{"@type":"WebSite","@id":"https:\/\/www.rendezvousbundesplatz.ch\/#website","url":"https:\/\/www.rendezvousbundesplatz.ch\/","name":"Rendez-vous Bundesplatz","description":"18 octobre au 22 novembre 2025","potentialAction":[{"@type":"SearchAction","target":{"@type":"EntryPoint","urlTemplate":"https:\/\/www.rendezvousbundesplatz.ch\/?s={search_term_string}"},"query-input":{"@type":"PropertyValueSpecification","valueRequired":true,"valueName":"search_term_string"}}],"inLanguage":"fr-FR"}]}},"_links":{"self":[{"href":"https:\/\/www.rendezvousbundesplatz.ch\/fr\/wp-json\/wp\/v2\/pages\/11883","targetHints":{"allow":["GET"]}}],"collection":[{"href":"https:\/\/www.rendezvousbundesplatz.ch\/fr\/wp-json\/wp\/v2\/pages"}],"about":[{"href":"https:\/\/www.rendezvousbundesplatz.ch\/fr\/wp-json\/wp\/v2\/types\/page"}],"author":[{"embeddable":true,"href":"https:\/\/www.rendezvousbundesplatz.ch\/fr\/wp-json\/wp\/v2\/users\/2"}],"replies":[{"embeddable":true,"href":"https:\/\/www.rendezvousbundesplatz.ch\/fr\/wp-json\/wp\/v2\/comments?post=11883"}],"version-history":[{"count":125,"href":"https:\/\/www.rendezvousbundesplatz.ch\/fr\/wp-json\/wp\/v2\/pages\/11883\/revisions"}],"predecessor-version":[{"id":19264,"href":"https:\/\/www.rendezvousbundesplatz.ch\/fr\/wp-json\/wp\/v2\/pages\/11883\/revisions\/19264"}],"wp:attachment":[{"href":"https:\/\/www.rendezvousbundesplatz.ch\/fr\/wp-json\/wp\/v2\/media?parent=11883"}],"curies":[{"name":"wp","href":"https:\/\/api.w.org\/{rel}","templated":true}]}}