{"id":15965,"date":"2022-09-12T11:01:55","date_gmt":"2022-09-12T09:01:55","guid":{"rendered":"https:\/\/www.rendezvousbundesplatz.ch\/?page_id=15965"},"modified":"2022-09-12T11:10:48","modified_gmt":"2022-09-12T09:10:48","slug":"recherche-scientifique","status":"publish","type":"page","link":"https:\/\/www.rendezvousbundesplatz.ch\/fr\/recherche-scientifique\/","title":{"rendered":"Recherche scientifique"},"content":{"rendered":"<h1>Pourquoi l&rsquo;oc\u00e9an m\u00e9rite d&rsquo;\u00eatre explor\u00e9 davantage<\/h1>\n<h2>Lune ou Terre<\/h2>\n<p>Selon les estimations, \u00e0 peine 5 % des fonds marins ont d\u00e9j\u00e0 \u00e9t\u00e9 d\u00e9couverts. Nous ne disposons que de cartes tr\u00e8s impr\u00e9cises des quelque 300 millions de km2 de fonds marins. Nous sommes all\u00e9s sur la lune. Pourquoi en savons-nous si peu sur notre propre plan\u00e8te ?<\/p>\n<p>Environ 70 % de la surface de la Terre est recouverte d&rsquo;eau, 70 % de notre oxyg\u00e8ne est produit par les plantes aquatiques et 70 % de la population mondiale vit dans les r\u00e9gions c\u00f4ti\u00e8res. La mer est donc non seulement l&rsquo;un des \u00e9cosyst\u00e8mes les plus importants de la Terre, mais elle joue \u00e9galement un r\u00f4le d\u00e9cisif dans la vie de nombreuses personnes. C&rsquo;est pourquoi il nous para\u00eet d&rsquo;autant plus absurde d&rsquo;en savoir moins sur l&rsquo;oc\u00e9an, \u00able poumon bleu\u00bb de notre plan\u00e8te, que sur la Lune.<\/p>\n<h2>Les grands fonds marins ou la for\u00eat tropicale<\/h2>\n<p>Au XIXe si\u00e8cle, on pensait m\u00eame que les grands fonds marins \u00e9taient totalement inanim\u00e9s, car \u00e0 partir d&rsquo;une certaine profondeur des eaux, les m\u00e9thodes ant\u00e9rieures ne permettaient tout simplement plus de d\u00e9tecter les animaux. Aujourd&rsquo;hui, nous savons que les fonds marins se caract\u00e9risent par une extraordinaire biodiversit\u00e9 d&rsquo;esp\u00e8ces, qui n&rsquo;a rien \u00e0 envier aux for\u00eats tropicales.<\/p>\n<h2>Tr\u00e9sor ou d\u00e9charge<\/h2>\n<p>Les th\u00e8mes actuels tels que la surp\u00eache, les d\u00e9chets et le changement climatique devraient \u00eatre des raisons suffisantes pour continuer \u00e0 faire avancer la recherche marine. Mais il ne faut pas oublier une raison vraiment d\u00e9cisive : la mer est un tr\u00e9sor et abonde en ressources naturelles.<\/p>\n<h2>Endroit profond voire m\u00eame plus profond<\/h2>\n<p>La Fosse des Mariannes, dans l&rsquo;ouest de l&rsquo;oc\u00e9an Pacifique, est l&rsquo;endroit le plus profond de la cro\u00fbte terrestre. Elle se situe \u00e0 11 km en dessous du niveau de la mer et s&rsquo;\u00e9tend sur environ 2 400 km.<\/p>\n<p>&nbsp;<\/p>\n<p>&nbsp;<\/p>\n<p>&nbsp;<\/p>\n<p>&nbsp;<\/p>\n<p>&nbsp;<\/p>\n","protected":false},"excerpt":{"rendered":"<p>Pourquoi l&rsquo;oc\u00e9an m\u00e9rite d&rsquo;\u00eatre explor\u00e9 davantage Lune ou Terre Selon les estimations, \u00e0 peine 5 % des fonds marins ont d\u00e9j\u00e0 \u00e9t\u00e9 d\u00e9couverts. Nous ne disposons que de cartes tr\u00e8s impr\u00e9cises des quelque 300 millions de km2 de fonds marins. Nous sommes all\u00e9s sur la&#8230;<\/p>\n","protected":false},"author":2,"featured_media":0,"parent":0,"menu_order":0,"comment_status":"closed","ping_status":"closed","template":"","meta":{"footnotes":""},"class_list":["post-15965","page","type-page","status-publish","hentry"],"yoast_head":"<!-- This site is optimized with the Yoast SEO plugin v27.0 - https:\/\/yoast.com\/product\/yoast-seo-wordpress\/ -->\n<title>Recherche scientifique - Rendez-vous Bundesplatz<\/title>\n<meta name=\"robots\" content=\"index, follow, max-snippet:-1, max-image-preview:large, max-video-preview:-1\" \/>\n<link rel=\"canonical\" href=\"https:\/\/www.rendezvousbundesplatz.ch\/fr\/recherche-scientifique\/\" \/>\n<meta property=\"og:locale\" content=\"fr_FR\" \/>\n<meta property=\"og:type\" content=\"article\" \/>\n<meta property=\"og:title\" content=\"Recherche scientifique - Rendez-vous Bundesplatz\" \/>\n<meta property=\"og:description\" content=\"Pourquoi l&rsquo;oc\u00e9an m\u00e9rite d&rsquo;\u00eatre explor\u00e9 davantage Lune ou Terre Selon les estimations, \u00e0 peine 5 % des fonds marins ont d\u00e9j\u00e0 \u00e9t\u00e9 d\u00e9couverts. Nous ne disposons que de cartes tr\u00e8s impr\u00e9cises des quelque 300 millions de km2 de fonds marins. Nous sommes all\u00e9s sur la...\" \/>\n<meta property=\"og:url\" content=\"https:\/\/www.rendezvousbundesplatz.ch\/fr\/recherche-scientifique\/\" \/>\n<meta property=\"og:site_name\" content=\"Rendez-vous Bundesplatz\" \/>\n<meta property=\"article:modified_time\" content=\"2022-09-12T09:10:48+00:00\" \/>\n<meta name=\"twitter:label1\" content=\"Dur\u00e9e de lecture estim\u00e9e\" \/>\n\t<meta name=\"twitter:data1\" content=\"2 minutes\" \/>\n<script type=\"application\/ld+json\" class=\"yoast-schema-graph\">{\"@context\":\"https:\/\/schema.org\",\"@graph\":[{\"@type\":\"WebPage\",\"@id\":\"https:\/\/www.rendezvousbundesplatz.ch\/fr\/recherche-scientifique\/\",\"url\":\"https:\/\/www.rendezvousbundesplatz.ch\/fr\/recherche-scientifique\/\",\"name\":\"Recherche scientifique - Rendez-vous Bundesplatz\",\"isPartOf\":{\"@id\":\"https:\/\/www.rendezvousbundesplatz.ch\/#website\"},\"datePublished\":\"2022-09-12T09:01:55+00:00\",\"dateModified\":\"2022-09-12T09:10:48+00:00\",\"breadcrumb\":{\"@id\":\"https:\/\/www.rendezvousbundesplatz.ch\/fr\/recherche-scientifique\/#breadcrumb\"},\"inLanguage\":\"fr-FR\",\"potentialAction\":[{\"@type\":\"ReadAction\",\"target\":[\"https:\/\/www.rendezvousbundesplatz.ch\/fr\/recherche-scientifique\/\"]}]},{\"@type\":\"BreadcrumbList\",\"@id\":\"https:\/\/www.rendezvousbundesplatz.ch\/fr\/recherche-scientifique\/#breadcrumb\",\"itemListElement\":[{\"@type\":\"ListItem\",\"position\":1,\"name\":\"Home\",\"item\":\"https:\/\/www.rendezvousbundesplatz.ch\/fr\/bienvenue\/\"},{\"@type\":\"ListItem\",\"position\":2,\"name\":\"Recherche scientifique\"}]},{\"@type\":\"WebSite\",\"@id\":\"https:\/\/www.rendezvousbundesplatz.ch\/#website\",\"url\":\"https:\/\/www.rendezvousbundesplatz.ch\/\",\"name\":\"Rendez-vous Bundesplatz\",\"description\":\"17 octobre au 21 novembre 2026\",\"potentialAction\":[{\"@type\":\"SearchAction\",\"target\":{\"@type\":\"EntryPoint\",\"urlTemplate\":\"https:\/\/www.rendezvousbundesplatz.ch\/?s={search_term_string}\"},\"query-input\":{\"@type\":\"PropertyValueSpecification\",\"valueRequired\":true,\"valueName\":\"search_term_string\"}}],\"inLanguage\":\"fr-FR\"}]}<\/script>\n<!-- \/ Yoast SEO plugin. -->","yoast_head_json":{"title":"Recherche scientifique - Rendez-vous Bundesplatz","robots":{"index":"index","follow":"follow","max-snippet":"max-snippet:-1","max-image-preview":"max-image-preview:large","max-video-preview":"max-video-preview:-1"},"canonical":"https:\/\/www.rendezvousbundesplatz.ch\/fr\/recherche-scientifique\/","og_locale":"fr_FR","og_type":"article","og_title":"Recherche scientifique - Rendez-vous Bundesplatz","og_description":"Pourquoi l&rsquo;oc\u00e9an m\u00e9rite d&rsquo;\u00eatre explor\u00e9 davantage Lune ou Terre Selon les estimations, \u00e0 peine 5 % des fonds marins ont d\u00e9j\u00e0 \u00e9t\u00e9 d\u00e9couverts. Nous ne disposons que de cartes tr\u00e8s impr\u00e9cises des quelque 300 millions de km2 de fonds marins. Nous sommes all\u00e9s sur la...","og_url":"https:\/\/www.rendezvousbundesplatz.ch\/fr\/recherche-scientifique\/","og_site_name":"Rendez-vous Bundesplatz","article_modified_time":"2022-09-12T09:10:48+00:00","twitter_misc":{"Dur\u00e9e de lecture estim\u00e9e":"2 minutes"},"schema":{"@context":"https:\/\/schema.org","@graph":[{"@type":"WebPage","@id":"https:\/\/www.rendezvousbundesplatz.ch\/fr\/recherche-scientifique\/","url":"https:\/\/www.rendezvousbundesplatz.ch\/fr\/recherche-scientifique\/","name":"Recherche scientifique - Rendez-vous Bundesplatz","isPartOf":{"@id":"https:\/\/www.rendezvousbundesplatz.ch\/#website"},"datePublished":"2022-09-12T09:01:55+00:00","dateModified":"2022-09-12T09:10:48+00:00","breadcrumb":{"@id":"https:\/\/www.rendezvousbundesplatz.ch\/fr\/recherche-scientifique\/#breadcrumb"},"inLanguage":"fr-FR","potentialAction":[{"@type":"ReadAction","target":["https:\/\/www.rendezvousbundesplatz.ch\/fr\/recherche-scientifique\/"]}]},{"@type":"BreadcrumbList","@id":"https:\/\/www.rendezvousbundesplatz.ch\/fr\/recherche-scientifique\/#breadcrumb","itemListElement":[{"@type":"ListItem","position":1,"name":"Home","item":"https:\/\/www.rendezvousbundesplatz.ch\/fr\/bienvenue\/"},{"@type":"ListItem","position":2,"name":"Recherche scientifique"}]},{"@type":"WebSite","@id":"https:\/\/www.rendezvousbundesplatz.ch\/#website","url":"https:\/\/www.rendezvousbundesplatz.ch\/","name":"Rendez-vous Bundesplatz","description":"17 octobre au 21 novembre 2026","potentialAction":[{"@type":"SearchAction","target":{"@type":"EntryPoint","urlTemplate":"https:\/\/www.rendezvousbundesplatz.ch\/?s={search_term_string}"},"query-input":{"@type":"PropertyValueSpecification","valueRequired":true,"valueName":"search_term_string"}}],"inLanguage":"fr-FR"}]}},"_links":{"self":[{"href":"https:\/\/www.rendezvousbundesplatz.ch\/fr\/wp-json\/wp\/v2\/pages\/15965","targetHints":{"allow":["GET"]}}],"collection":[{"href":"https:\/\/www.rendezvousbundesplatz.ch\/fr\/wp-json\/wp\/v2\/pages"}],"about":[{"href":"https:\/\/www.rendezvousbundesplatz.ch\/fr\/wp-json\/wp\/v2\/types\/page"}],"author":[{"embeddable":true,"href":"https:\/\/www.rendezvousbundesplatz.ch\/fr\/wp-json\/wp\/v2\/users\/2"}],"replies":[{"embeddable":true,"href":"https:\/\/www.rendezvousbundesplatz.ch\/fr\/wp-json\/wp\/v2\/comments?post=15965"}],"version-history":[{"count":1,"href":"https:\/\/www.rendezvousbundesplatz.ch\/fr\/wp-json\/wp\/v2\/pages\/15965\/revisions"}],"predecessor-version":[{"id":15968,"href":"https:\/\/www.rendezvousbundesplatz.ch\/fr\/wp-json\/wp\/v2\/pages\/15965\/revisions\/15968"}],"wp:attachment":[{"href":"https:\/\/www.rendezvousbundesplatz.ch\/fr\/wp-json\/wp\/v2\/media?parent=15965"}],"curies":[{"name":"wp","href":"https:\/\/api.w.org\/{rel}","templated":true}]}}