{"id":18223,"date":"2019-02-12T13:54:03","date_gmt":"2019-02-12T12:54:03","guid":{"rendered":"https:\/\/www.rendezvousbundesplatz.ch\/support\/"},"modified":"2025-09-16T09:57:31","modified_gmt":"2025-09-16T07:57:31","slug":"support","status":"publish","type":"page","link":"https:\/\/www.rendezvousbundesplatz.ch\/fr\/support\/","title":{"rendered":"Merci pour votre soutien"},"content":{"rendered":"<div class=\"wpb-content-wrapper\"><p>[vc_row css_animation=\u00a0\u00bb\u00a0\u00bb row_type=\u00a0\u00bbrow\u00a0\u00bb use_row_as_full_screen_section=\u00a0\u00bbno\u00a0\u00bb type=\u00a0\u00bbfull_width\u00a0\u00bb angled_section=\u00a0\u00bbno\u00a0\u00bb text_align=\u00a0\u00bbleft\u00a0\u00bb background_image_as_pattern=\u00a0\u00bbwithout_pattern\u00a0\u00bb][vc_column][vc_empty_space][vc_column_text css=\u00a0\u00bb\u00a0\u00bb]<\/p>\n<h2>Votre soutien est le bienvenu<\/h2>\n<p>Waouh. Un tel tour du monde co\u00fbte vraiment tr\u00e8s cher. Rien que la construction du ballon et les billets de train engloutissent des sommes \u00e9normes ! Et les voiles de notre navire historique doivent aussi \u00eatre r\u00e9guli\u00e8rement r\u00e9par\u00e9es. Pour que nous puissions voyager trois fois autour du globe chaque soir jusqu\u2019au 22 novembre, nous comptons sur votre aide. Vous trouverez ci-dessous notre cagnotte voyage. Un grand merci et bon voyage !<\/p>\n<p>Votre \u00e9quipe \u00abRendez-vous Bundesplatz\u00bb[\/vc_column_text][vc_empty_space][vc_zigzag css_animation=\u00a0\u00bbbounceIn\u00a0\u00bb][vc_empty_space height=\u00a0\u00bb16px\u00a0\u00bb][\/vc_column][\/vc_row][vc_row css_animation=\u00a0\u00bb\u00a0\u00bb row_type=\u00a0\u00bbrow\u00a0\u00bb use_row_as_full_screen_section=\u00a0\u00bbno\u00a0\u00bb type=\u00a0\u00bbfull_width\u00a0\u00bb angled_section=\u00a0\u00bbno\u00a0\u00bb text_align=\u00a0\u00bbleft\u00a0\u00bb background_image_as_pattern=\u00a0\u00bbwithout_pattern\u00a0\u00bb][vc_column offset=\u00a0\u00bbvc_hidden-xs\u00a0\u00bb][vc_raw_html]PGlmcmFtZSBzcmM9Imh0dHBzOi8vc3RhcmxpZ2h0ZXZlbnRzLnBheXJleHguY29tL2ZyL3BheT9jaWQ9YjE5ZDJkM2EmaGlkZV9kZXNjcmlwdGlvbj0xJmFwcHZpZXc9MSIgYWxsb3c9InBheW1lbnQgKiIgd2lkdGg9IjEwMCUiIGhlaWdodD0iODAwIiBzdHlsZT0iYm9yZGVyOjA7IiBpZD0icGF5cmV4eC1lbWJlZCI+PC9pZnJhbWU+[\/vc_raw_html][\/vc_column][\/vc_row][vc_row css_animation=\u00a0\u00bb\u00a0\u00bb row_type=\u00a0\u00bbrow\u00a0\u00bb use_row_as_full_screen_section=\u00a0\u00bbno\u00a0\u00bb type=\u00a0\u00bbfull_width\u00a0\u00bb angled_section=\u00a0\u00bbno\u00a0\u00bb text_align=\u00a0\u00bbleft\u00a0\u00bb background_image_as_pattern=\u00a0\u00bbwithout_pattern\u00a0\u00bb][vc_column offset=\u00a0\u00bbvc_hidden-lg vc_hidden-md vc_hidden-sm\u00a0\u00bb][vc_raw_html]PGEgY2xhc3M9ImJ0bi1wYXlyZXh4IGJ0bi1wYXlyZXh4LW1vZGFsIiBocmVmPSJodHRwczovL3N0YXJsaWdodGV2ZW50cy5wYXlyZXh4LmNvbS9mci9wYXk\/Y2lkPWIxOWQyZDNhJmFtcDtkb25hdGlvbltwcmVzZWxlY3RfYW1vdW50XT01MCI+DQpEb25uZXINCjwvYT48YnI+PHNjcmlwdCBzcmM9Imh0dHBzOi8vY2RuanMuY2xvdWRmbGFyZS5jb20vYWpheC9saWJzL2pxdWVyeS8zLjUuMS9qcXVlcnkubWluLmpzIiBpbnRlZ3JpdHk9InNoYTUxMi1iTFQwUW05Vm5BWVpEZmx5S2NCYVEyZ2cwaFNZTlFySjhSaWxZbGRZUTFGeFFZb0NMdFVqdXVSdVpvK2ZqcWh4L3F0cS8xaXRKMEMyZWpEeGx0WlZGZz09IiBjcm9zc29yaWdpbj0iYW5vbnltb3VzIj48L3NjcmlwdD48YnI+PHNjcmlwdCB0eXBlPSJ0ZXh0L2phdmFzY3JpcHQiIHNyYz0iaHR0cHM6Ly9tZWRpYS5wYXlyZXh4LmNvbS9tb2RhbC92MS9tb2RhbC5taW4uanMiPjwvc2NyaXB0Pjxicj48c2NyaXB0IHR5cGU9InRleHQvamF2YXNjcmlwdCI+DQogICAgalF1ZXJ5KCIuYnRuLXBheXJleHgtbW9kYWwiKS5wYXlyZXh4TW9kYWwoKTsNCjwvc2NyaXB0Pjxicj48YnI+PHN0eWxlIHR5cGU9InRleHQvY3NzIj4NCi5idG4tcGF5cmV4eCB7PGJyIC8+DQoJZGlzcGxheTogaW5saW5lLWJsb2NrOzxiciAvPg0KCXdpZHRoOiBhdXRvOzxiciAvPg0KCXBhZGRpbmc6IDZweCAyMHB4IDZweCAyMHB4OzxiciAvPg0KCWZvbnQtc2l6ZTogMTZweDs8YnIgLz4NCglmb250LXdlaWdodDogMzAwOzxiciAvPg0KCXdoaXRlLXNwYWNlOiBpbmhlcml0OzxiciAvPg0KCWJhY2tncm91bmQtY29sb3I6ICNmMThjMDA7PGJyIC8+DQoJYm9yZGVyOiAwOzxiciAvPg0KCW91dGxpbmU6IDA7PGJyIC8+DQoJdGV4dC1kZWNvcmF0aW9uOiBub25lOzxiciAvPg0KCWNvbG9yOiAjZmZmZmZmOzxiciAvPg0KCWJvcmRlci1yYWRpdXM6IDNweDs8YnIgLz4NCgktd2Via2l0LXRyYW5zaXRpb246IGJhY2tncm91bmQtY29sb3IgMzAwbXMgZWFzZS1vdXQ7PGJyIC8+DQoJLW1vei10cmFuc2l0aW9uOiBiYWNrZ3JvdW5kLWNvbG9yIDMwMG1zIGVhc2Utb3V0OzxiciAvPg0KCS1vLXRyYW5zaXRpb246IGJhY2tncm91bmQtY29sb3IgMzAwbXMgZWFzZS1vdXQ7PGJyIC8+DQoJdHJhbnNpdGlvbjogYmFja2dyb3VuZC1jb2xvciAzMDBtcyBlYXNlLW91dDs8YnIgLz4NCn08YnIgLz4NCi5idG4tcGF5cmV4eDpmb2N1cywgLmJ0bi1wYXlyZXh4OmhvdmVyIHs8YnIgLz4NCgliYWNrZ3JvdW5kLWNvbG9yOiAjMjQzNjNhOzxiciAvPg0KCWNvbG9yOiAjZmZmZmZmOzxiciAvPg0KfTxiciAvPg0KPC9zdHlsZT4=[\/vc_raw_html][\/vc_column][\/vc_row][vc_row css_animation=\u00a0\u00bb\u00a0\u00bb row_type=\u00a0\u00bbrow\u00a0\u00bb use_row_as_full_screen_section=\u00a0\u00bbno\u00a0\u00bb type=\u00a0\u00bbfull_width\u00a0\u00bb angled_section=\u00a0\u00bbno\u00a0\u00bb text_align=\u00a0\u00bbleft\u00a0\u00bb background_image_as_pattern=\u00a0\u00bbwithout_pattern\u00a0\u00bb][vc_column][vc_empty_space][vc_zigzag css_animation=\u00a0\u00bbbounceIn\u00a0\u00bb][vc_empty_space height=\u00a0\u00bb64px\u00a0\u00bb][\/vc_column][\/vc_row]<\/p>\n<\/div>","protected":false},"excerpt":{"rendered":"<p>[vc_row css_animation=\u00a0\u00bb\u00a0\u00bb row_type=\u00a0\u00bbrow\u00a0\u00bb use_row_as_full_screen_section=\u00a0\u00bbno\u00a0\u00bb type=\u00a0\u00bbfull_width\u00a0\u00bb angled_section=\u00a0\u00bbno\u00a0\u00bb text_align=\u00a0\u00bbleft\u00a0\u00bb background_image_as_pattern=\u00a0\u00bbwithout_pattern\u00a0\u00bb][vc_column][vc_empty_space][vc_column_text css=\u00a0\u00bb\u00a0\u00bb] Votre soutien est le bienvenu Waouh. Un tel tour du monde co\u00fbte vraiment tr\u00e8s cher. Rien que la construction du ballon et les billets de train engloutissent des sommes \u00e9normes ! Et les voiles de notre&#8230;<\/p>\n","protected":false},"author":2,"featured_media":0,"parent":0,"menu_order":0,"comment_status":"closed","ping_status":"closed","template":"","meta":{"footnotes":""},"class_list":["post-18223","page","type-page","status-publish","hentry"],"yoast_head":"<!-- This site is optimized with the Yoast SEO plugin v27.0 - https:\/\/yoast.com\/product\/yoast-seo-wordpress\/ -->\n<title>Merci pour votre soutien - Rendez-vous Bundesplatz<\/title>\n<meta name=\"robots\" content=\"index, follow, max-snippet:-1, max-image-preview:large, max-video-preview:-1\" \/>\n<link rel=\"canonical\" href=\"https:\/\/www.rendezvousbundesplatz.ch\/fr\/support\/\" \/>\n<meta property=\"og:locale\" content=\"fr_FR\" \/>\n<meta property=\"og:type\" content=\"article\" \/>\n<meta property=\"og:title\" content=\"Merci pour votre soutien - Rendez-vous Bundesplatz\" \/>\n<meta property=\"og:description\" content=\"[vc_row css_animation=\u00a0\u00bb\u00a0\u00bb row_type=\u00a0\u00bbrow\u00a0\u00bb use_row_as_full_screen_section=\u00a0\u00bbno\u00a0\u00bb type=\u00a0\u00bbfull_width\u00a0\u00bb angled_section=\u00a0\u00bbno\u00a0\u00bb text_align=\u00a0\u00bbleft\u00a0\u00bb background_image_as_pattern=\u00a0\u00bbwithout_pattern\u00a0\u00bb][vc_column][vc_empty_space][vc_column_text css=\u00a0\u00bb\u00a0\u00bb] Votre soutien est le bienvenu Waouh. Un tel tour du monde co\u00fbte vraiment tr\u00e8s cher. Rien que la construction du ballon et les billets de train engloutissent des sommes \u00e9normes ! Et les voiles de notre...\" \/>\n<meta property=\"og:url\" content=\"https:\/\/www.rendezvousbundesplatz.ch\/fr\/support\/\" \/>\n<meta property=\"og:site_name\" content=\"Rendez-vous Bundesplatz\" \/>\n<meta property=\"article:modified_time\" content=\"2025-09-16T07:57:31+00:00\" \/>\n<meta name=\"twitter:label1\" content=\"Dur\u00e9e de lecture estim\u00e9e\" \/>\n\t<meta name=\"twitter:data1\" content=\"3 minutes\" \/>\n<script type=\"application\/ld+json\" class=\"yoast-schema-graph\">{\"@context\":\"https:\/\/schema.org\",\"@graph\":[{\"@type\":\"WebPage\",\"@id\":\"https:\/\/www.rendezvousbundesplatz.ch\/fr\/support\/\",\"url\":\"https:\/\/www.rendezvousbundesplatz.ch\/fr\/support\/\",\"name\":\"Merci pour votre soutien - Rendez-vous Bundesplatz\",\"isPartOf\":{\"@id\":\"https:\/\/www.rendezvousbundesplatz.ch\/#website\"},\"datePublished\":\"2019-02-12T12:54:03+00:00\",\"dateModified\":\"2025-09-16T07:57:31+00:00\",\"breadcrumb\":{\"@id\":\"https:\/\/www.rendezvousbundesplatz.ch\/fr\/support\/#breadcrumb\"},\"inLanguage\":\"fr-FR\",\"potentialAction\":[{\"@type\":\"ReadAction\",\"target\":[\"https:\/\/www.rendezvousbundesplatz.ch\/fr\/support\/\"]}]},{\"@type\":\"BreadcrumbList\",\"@id\":\"https:\/\/www.rendezvousbundesplatz.ch\/fr\/support\/#breadcrumb\",\"itemListElement\":[{\"@type\":\"ListItem\",\"position\":1,\"name\":\"Home\",\"item\":\"https:\/\/www.rendezvousbundesplatz.ch\/fr\/bienvenue\/\"},{\"@type\":\"ListItem\",\"position\":2,\"name\":\"Merci pour votre soutien\"}]},{\"@type\":\"WebSite\",\"@id\":\"https:\/\/www.rendezvousbundesplatz.ch\/#website\",\"url\":\"https:\/\/www.rendezvousbundesplatz.ch\/\",\"name\":\"Rendez-vous Bundesplatz\",\"description\":\"18 octobre au 22 novembre 2025\",\"potentialAction\":[{\"@type\":\"SearchAction\",\"target\":{\"@type\":\"EntryPoint\",\"urlTemplate\":\"https:\/\/www.rendezvousbundesplatz.ch\/?s={search_term_string}\"},\"query-input\":{\"@type\":\"PropertyValueSpecification\",\"valueRequired\":true,\"valueName\":\"search_term_string\"}}],\"inLanguage\":\"fr-FR\"}]}<\/script>\n<!-- \/ Yoast SEO plugin. -->","yoast_head_json":{"title":"Merci pour votre soutien - Rendez-vous Bundesplatz","robots":{"index":"index","follow":"follow","max-snippet":"max-snippet:-1","max-image-preview":"max-image-preview:large","max-video-preview":"max-video-preview:-1"},"canonical":"https:\/\/www.rendezvousbundesplatz.ch\/fr\/support\/","og_locale":"fr_FR","og_type":"article","og_title":"Merci pour votre soutien - Rendez-vous Bundesplatz","og_description":"[vc_row css_animation=\u00a0\u00bb\u00a0\u00bb row_type=\u00a0\u00bbrow\u00a0\u00bb use_row_as_full_screen_section=\u00a0\u00bbno\u00a0\u00bb type=\u00a0\u00bbfull_width\u00a0\u00bb angled_section=\u00a0\u00bbno\u00a0\u00bb text_align=\u00a0\u00bbleft\u00a0\u00bb background_image_as_pattern=\u00a0\u00bbwithout_pattern\u00a0\u00bb][vc_column][vc_empty_space][vc_column_text css=\u00a0\u00bb\u00a0\u00bb] Votre soutien est le bienvenu Waouh. Un tel tour du monde co\u00fbte vraiment tr\u00e8s cher. Rien que la construction du ballon et les billets de train engloutissent des sommes \u00e9normes ! Et les voiles de notre...","og_url":"https:\/\/www.rendezvousbundesplatz.ch\/fr\/support\/","og_site_name":"Rendez-vous Bundesplatz","article_modified_time":"2025-09-16T07:57:31+00:00","twitter_misc":{"Dur\u00e9e de lecture estim\u00e9e":"3 minutes"},"schema":{"@context":"https:\/\/schema.org","@graph":[{"@type":"WebPage","@id":"https:\/\/www.rendezvousbundesplatz.ch\/fr\/support\/","url":"https:\/\/www.rendezvousbundesplatz.ch\/fr\/support\/","name":"Merci pour votre soutien - Rendez-vous Bundesplatz","isPartOf":{"@id":"https:\/\/www.rendezvousbundesplatz.ch\/#website"},"datePublished":"2019-02-12T12:54:03+00:00","dateModified":"2025-09-16T07:57:31+00:00","breadcrumb":{"@id":"https:\/\/www.rendezvousbundesplatz.ch\/fr\/support\/#breadcrumb"},"inLanguage":"fr-FR","potentialAction":[{"@type":"ReadAction","target":["https:\/\/www.rendezvousbundesplatz.ch\/fr\/support\/"]}]},{"@type":"BreadcrumbList","@id":"https:\/\/www.rendezvousbundesplatz.ch\/fr\/support\/#breadcrumb","itemListElement":[{"@type":"ListItem","position":1,"name":"Home","item":"https:\/\/www.rendezvousbundesplatz.ch\/fr\/bienvenue\/"},{"@type":"ListItem","position":2,"name":"Merci pour votre soutien"}]},{"@type":"WebSite","@id":"https:\/\/www.rendezvousbundesplatz.ch\/#website","url":"https:\/\/www.rendezvousbundesplatz.ch\/","name":"Rendez-vous Bundesplatz","description":"18 octobre au 22 novembre 2025","potentialAction":[{"@type":"SearchAction","target":{"@type":"EntryPoint","urlTemplate":"https:\/\/www.rendezvousbundesplatz.ch\/?s={search_term_string}"},"query-input":{"@type":"PropertyValueSpecification","valueRequired":true,"valueName":"search_term_string"}}],"inLanguage":"fr-FR"}]}},"_links":{"self":[{"href":"https:\/\/www.rendezvousbundesplatz.ch\/fr\/wp-json\/wp\/v2\/pages\/18223","targetHints":{"allow":["GET"]}}],"collection":[{"href":"https:\/\/www.rendezvousbundesplatz.ch\/fr\/wp-json\/wp\/v2\/pages"}],"about":[{"href":"https:\/\/www.rendezvousbundesplatz.ch\/fr\/wp-json\/wp\/v2\/types\/page"}],"author":[{"embeddable":true,"href":"https:\/\/www.rendezvousbundesplatz.ch\/fr\/wp-json\/wp\/v2\/users\/2"}],"replies":[{"embeddable":true,"href":"https:\/\/www.rendezvousbundesplatz.ch\/fr\/wp-json\/wp\/v2\/comments?post=18223"}],"version-history":[{"count":9,"href":"https:\/\/www.rendezvousbundesplatz.ch\/fr\/wp-json\/wp\/v2\/pages\/18223\/revisions"}],"predecessor-version":[{"id":18987,"href":"https:\/\/www.rendezvousbundesplatz.ch\/fr\/wp-json\/wp\/v2\/pages\/18223\/revisions\/18987"}],"wp:attachment":[{"href":"https:\/\/www.rendezvousbundesplatz.ch\/fr\/wp-json\/wp\/v2\/media?parent=18223"}],"curies":[{"name":"wp","href":"https:\/\/api.w.org\/{rel}","templated":true}]}}