{"id":7545,"date":"2013-10-24T12:12:27","date_gmt":"2013-10-24T10:12:27","guid":{"rendered":"https:\/\/2019.rendezvousbundesplatz.ch.stage.mpx03.ch\/?page_id=7545"},"modified":"2025-09-25T15:59:24","modified_gmt":"2025-09-25T13:59:24","slug":"bon-a-savoir","status":"publish","type":"page","link":"https:\/\/www.rendezvousbundesplatz.ch\/fr\/bon-a-savoir\/","title":{"rendered":"Bon \u00e0 savoir"},"content":{"rendered":"<div class=\"wpb-content-wrapper\"><p>[vc_row css_animation=\u00a0\u00bb\u00a0\u00bb row_type=\u00a0\u00bbrow\u00a0\u00bb use_row_as_full_screen_section=\u00a0\u00bbno\u00a0\u00bb type=\u00a0\u00bbfull_width\u00a0\u00bb angled_section=\u00a0\u00bbno\u00a0\u00bb text_align=\u00a0\u00bbleft\u00a0\u00bb background_image_as_pattern=\u00a0\u00bbwithout_pattern\u00a0\u00bb][vc_column][vc_empty_space][vc_column_text css=\u00a0\u00bb\u00a0\u00bb]<\/p>\n<h2>Le spectacle 2025<\/h2>\n<p><strong>Tous les jours<\/strong><br \/>du 18.10. au 22.11.2025<br \/>19h, 20h et 21h<\/p>\n<p>Dur\u00e9e : environ 30 minutes[\/vc_column_text][\/vc_column][\/vc_row][vc_row css_animation=\u00a0\u00bb\u00a0\u00bb row_type=\u00a0\u00bbrow\u00a0\u00bb use_row_as_full_screen_section=\u00a0\u00bbno\u00a0\u00bb type=\u00a0\u00bbfull_width\u00a0\u00bb angled_section=\u00a0\u00bbno\u00a0\u00bb text_align=\u00a0\u00bbleft\u00a0\u00bb background_image_as_pattern=\u00a0\u00bbwithout_pattern\u00a0\u00bb][vc_column][vc_separator type=\u00a0\u00bbnormal\u00a0\u00bb color=\u00a0\u00bb#cccccc\u00a0\u00bb transparency=\u00a0\u00bb1&Prime; thickness=\u00a0\u00bb1&Prime; up=\u00a0\u00bb32&Prime; down=\u00a0\u00bb32&Prime;][vc_column_text css=\u00a0\u00bb\u00a0\u00bb]<\/p>\n<h2>Visite de Berne, ville f\u00e9d\u00e9rale et site du patrimoine mondial<\/h2>\n<p><a href=\"https:\/\/www.bern.com\/fr\/home\" target=\"_blank\" rel=\"noopener noreferrer\">www.bern.com<\/a><\/p>\n<p><a href=\"https:\/\/www.bern.com\/fr\/home\" target=\"_blank\" rel=\"noopener noreferrer\"><img loading=\"lazy\" decoding=\"async\" class=\"alignnone wp-image-17848 size-medium\" src=\"https:\/\/www.rendezvousbundesplatz.ch\/wp-content\/uploads\/2024\/05\/img-logo-partner-bern-welcome-500x250-1-300x150.png\" alt=\"\" width=\"300\" height=\"150\" srcset=\"https:\/\/www.rendezvousbundesplatz.ch\/wp-content\/uploads\/2024\/05\/img-logo-partner-bern-welcome-500x250-1-300x150.png 300w, https:\/\/www.rendezvousbundesplatz.ch\/wp-content\/uploads\/2024\/05\/img-logo-partner-bern-welcome-500x250-1.png 500w\" sizes=\"auto, (max-width: 300px) 100vw, 300px\" \/><\/a>[\/vc_column_text][vc_separator type=\u00a0\u00bbnormal\u00a0\u00bb color=\u00a0\u00bb#cccccc\u00a0\u00bb transparency=\u00a0\u00bb1&Prime; thickness=\u00a0\u00bb1&Prime; up=\u00a0\u00bb32&Prime; down=\u00a0\u00bb32&Prime;][vc_column_text css=\u00a0\u00bb\u00a0\u00bb]<\/p>\n<h2 class=\"p1\"><span class=\"s1\"><b>Le voyage: Acc\u00e9der en toute simplict\u00e9 <\/b><\/span><span class=\"s1\"><b>au Rendez-vous Bundesplatz <\/b><\/span><\/h2>\n<p>Nous vous recommandons de prendre les transports en commun. La place f\u00e9d\u00e9rale se trouve \u00e0 quelques minutes \u00e0 pied de la gare de Berne et est facilement accessible de toute l\u2019agglom\u00e9ration par Bern Mobil.<\/p>\n<p>Vous venez en voiture ?<br \/>Sur <a href=\"http:\/\/www.parking-bern.ch\/f\/\">www.parking-bern.ch<\/a>, vous pouvez voir combien de places de stationnement sont disponibles \u00e0 partir de votre domicile. Si vous voyagez, composez simplement le num\u00e9ro gratuit 0800 727 536 et vous serez inform\u00e9 \u00e0 tout moment du nombre de places de parking.<\/p>\n<p><a href=\"http:\/\/www.parking-bern.ch\/f\/index.php\" target=\"_blank\" rel=\"noopener noreferrer\"><img loading=\"lazy\" decoding=\"async\" class=\"alignnone wp-image-17808 size-medium\" src=\"https:\/\/www.rendezvousbundesplatz.ch\/wp-content\/uploads\/2024\/05\/img-logo-partner-bernparking-500x250-1-300x150.png\" alt=\"\" width=\"300\" height=\"150\" srcset=\"https:\/\/www.rendezvousbundesplatz.ch\/wp-content\/uploads\/2024\/05\/img-logo-partner-bernparking-500x250-1-300x150.png 300w, https:\/\/www.rendezvousbundesplatz.ch\/wp-content\/uploads\/2024\/05\/img-logo-partner-bernparking-500x250-1.png 500w\" sizes=\"auto, (max-width: 300px) 100vw, 300px\" \/><\/a>[\/vc_column_text][vc_separator type=\u00a0\u00bbnormal\u00a0\u00bb color=\u00a0\u00bb#cccccc\u00a0\u00bb transparency=\u00a0\u00bb1&Prime; thickness=\u00a0\u00bb1&Prime; up=\u00a0\u00bb32&Prime; down=\u00a0\u00bb32&Prime;][vc_column_text css=\u00a0\u00bb\u00a0\u00bb]<\/p>\n<h2>Une vir\u00e9e shopping \u00e0 Berne<\/h2>\n<p>Combinez votre s\u00e9jour \u00e0 Berne avec une agr\u00e9able s\u00e9ance de shopping sous les tonnelles et dans le centre-ville. Les d\u00e9taillants de <a href=\"https:\/\/berncity.ch\/\" target=\"_blank\" rel=\"noopener\">BERNcity<\/a> et leur offre vari\u00e9e se r\u00e9jouissent de vous accueillir.<\/p>\n<p><a href=\"http:\/\/www.berncity.ch\/\" target=\"_blank\" rel=\"noopener noreferrer\"><img loading=\"lazy\" decoding=\"async\" class=\"alignnone wp-image-17824 size-medium\" src=\"https:\/\/www.rendezvousbundesplatz.ch\/wp-content\/uploads\/2024\/05\/img-logo-partner-berncity-500x250-1-300x150.png\" alt=\"\" width=\"300\" height=\"150\" srcset=\"https:\/\/www.rendezvousbundesplatz.ch\/wp-content\/uploads\/2024\/05\/img-logo-partner-berncity-500x250-1-300x150.png 300w, https:\/\/www.rendezvousbundesplatz.ch\/wp-content\/uploads\/2024\/05\/img-logo-partner-berncity-500x250-1.png 500w\" sizes=\"auto, (max-width: 300px) 100vw, 300px\" \/><\/a>[\/vc_column_text][vc_separator type=\u00a0\u00bbnormal\u00a0\u00bb color=\u00a0\u00bb#cccccc\u00a0\u00bb transparency=\u00a0\u00bb1&Prime; thickness=\u00a0\u00bb1&Prime; up=\u00a0\u00bb32&Prime; down=\u00a0\u00bb32&Prime;][\/vc_column][\/vc_row][vc_row css_animation=\u00a0\u00bb\u00a0\u00bb row_type=\u00a0\u00bbrow\u00a0\u00bb use_row_as_full_screen_section=\u00a0\u00bbno\u00a0\u00bb type=\u00a0\u00bbfull_width\u00a0\u00bb angled_section=\u00a0\u00bbno\u00a0\u00bb text_align=\u00a0\u00bbleft\u00a0\u00bb background_image_as_pattern=\u00a0\u00bbwithout_pattern\u00a0\u00bb][vc_column][vc_column_text css=\u00a0\u00bb\u00a0\u00bb]<\/p>\n<h2>La s\u00e9curit\u00e9 d\u2019abord<\/h2>\n<p>Depuis 2012, <a href=\"https:\/\/www.securitas.ch\/fr\/\">Securitas<\/a> nous assiste dans la construction du Rendez-vous Bundes\u00adplatz et en assure la s\u00e9curit\u00e9. La ville de Berne est \u00e9galement impliqu\u00e9e et veille sur la place f\u00e9d\u00e9rale. Pendant l\u2019\u00e9v\u00e9nement, tout le trafic public et priv\u00e9 sera d\u00e9tourn\u00e9 afin que les repr\u00e9sentations puissent se d\u00e9rouler sur la grande sc\u00e8ne sans encombre.<\/p>\n<p>Un grand merci \u00e0 Securitas et \u00e0 la ville de Berne pour leur engagement.<\/p>\n<p><a href=\"https:\/\/www.securitas.ch\/fr\/\" target=\"_blank\" rel=\"noopener noreferrer\"><img loading=\"lazy\" decoding=\"async\" class=\"alignnone wp-image-17800 size-medium\" src=\"https:\/\/www.rendezvousbundesplatz.ch\/wp-content\/uploads\/2024\/05\/img-logo-partner-securitas-500x250-1-300x150.png\" alt=\"\" width=\"300\" height=\"150\" srcset=\"https:\/\/www.rendezvousbundesplatz.ch\/wp-content\/uploads\/2024\/05\/img-logo-partner-securitas-500x250-1-300x150.png 300w, https:\/\/www.rendezvousbundesplatz.ch\/wp-content\/uploads\/2024\/05\/img-logo-partner-securitas-500x250-1.png 500w\" sizes=\"auto, (max-width: 300px) 100vw, 300px\" \/><\/a> <a href=\"http:\/\/www.bern.ch\/fr\" target=\"_blank\" rel=\"noopener noreferrer\"><img loading=\"lazy\" decoding=\"async\" class=\"alignnone wp-image-17984 size-medium\" src=\"https:\/\/www.rendezvousbundesplatz.ch\/wp-content\/uploads\/2024\/05\/img-logo-partner-stadt-bern-500x250-1-300x150.png\" alt=\"\" width=\"300\" height=\"150\" srcset=\"https:\/\/www.rendezvousbundesplatz.ch\/wp-content\/uploads\/2024\/05\/img-logo-partner-stadt-bern-500x250-1-300x150.png 300w, https:\/\/www.rendezvousbundesplatz.ch\/wp-content\/uploads\/2024\/05\/img-logo-partner-stadt-bern-500x250-1.png 500w\" sizes=\"auto, (max-width: 300px) 100vw, 300px\" \/><\/a><\/p>\n<p class=\"p1\">Dans tous les cas, un v\u00e9hicule des Samaritains est stationn\u00e9 sur le trottoir du c\u00f4t\u00e9 de la Bundesgasse sur la place f\u00e9d\u00e9rale.<\/p>\n<p><a href=\"https:\/\/www.samariterbern.ch\/\" target=\"_blank\" rel=\"noopener noreferrer\"><img loading=\"lazy\" decoding=\"async\" class=\"alignnone wp-image-17852 size-medium\" src=\"https:\/\/www.rendezvousbundesplatz.ch\/wp-content\/uploads\/2024\/05\/img-logo-partner-samariter-500x250-1-300x150.png\" alt=\"\" width=\"300\" height=\"150\" srcset=\"https:\/\/www.rendezvousbundesplatz.ch\/wp-content\/uploads\/2024\/05\/img-logo-partner-samariter-500x250-1-300x150.png 300w, https:\/\/www.rendezvousbundesplatz.ch\/wp-content\/uploads\/2024\/05\/img-logo-partner-samariter-500x250-1.png 500w\" sizes=\"auto, (max-width: 300px) 100vw, 300px\" \/><\/a>[\/vc_column_text][vc_separator type=\u00a0\u00bbnormal\u00a0\u00bb color=\u00a0\u00bb#cccccc\u00a0\u00bb transparency=\u00a0\u00bb1&Prime; thickness=\u00a0\u00bb1&Prime; up=\u00a0\u00bb32&Prime; down=\u00a0\u00bb32&Prime;][vc_column_text css=\u00a0\u00bb\u00a0\u00bb]<\/p>\n<h2>La zone pour les personnes \u00e0 mobilit\u00e9 r\u00e9duite en fauteuil roulant et les enfants<\/h2>\n<p>La zone rouge sur la place f\u00e9d\u00e9rale pour les personnes \u00e0 mobilit\u00e9 r\u00e9duite en fauteuil roulant et les enfants pour qu\u2019ils n\u2019aient pas \u00e0 faire face \u00e0 de grandes personnes.<\/p>\n<p><a href=\"https:\/\/www.bekb.ch\/de\/die-bekb\/engagement\/bekb-foerderfonds\" target=\"_blank\" rel=\"noopener noreferrer\"><img loading=\"lazy\" decoding=\"async\" class=\"alignnone wp-image-17792 size-medium\" src=\"https:\/\/www.rendezvousbundesplatz.ch\/wp-content\/uploads\/2024\/05\/img-logo-partner-bekb-ff-500x250-1-300x150.png\" alt=\"\" width=\"300\" height=\"150\" srcset=\"https:\/\/www.rendezvousbundesplatz.ch\/wp-content\/uploads\/2024\/05\/img-logo-partner-bekb-ff-500x250-1-300x150.png 300w, https:\/\/www.rendezvousbundesplatz.ch\/wp-content\/uploads\/2024\/05\/img-logo-partner-bekb-ff-500x250-1.png 500w\" sizes=\"auto, (max-width: 300px) 100vw, 300px\" \/><\/a>\u00a0<a href=\"https:\/\/www.cerebral.ch\" target=\"_blank\" rel=\"noopener noreferrer\"><img loading=\"lazy\" decoding=\"async\" class=\"alignnone wp-image-17820 size-medium\" src=\"https:\/\/www.rendezvousbundesplatz.ch\/wp-content\/uploads\/2024\/05\/img-logo-partner-cerebral-500x250-1-300x150.png\" alt=\"\" width=\"300\" height=\"150\" srcset=\"https:\/\/www.rendezvousbundesplatz.ch\/wp-content\/uploads\/2024\/05\/img-logo-partner-cerebral-500x250-1-300x150.png 300w, https:\/\/www.rendezvousbundesplatz.ch\/wp-content\/uploads\/2024\/05\/img-logo-partner-cerebral-500x250-1.png 500w\" sizes=\"auto, (max-width: 300px) 100vw, 300px\" \/><\/a>[\/vc_column_text][vc_separator type=\u00a0\u00bbnormal\u00a0\u00bb color=\u00a0\u00bb#cccccc\u00a0\u00bb transparency=\u00a0\u00bb1&Prime; thickness=\u00a0\u00bb1&Prime; up=\u00a0\u00bb32&Prime; down=\u00a0\u00bb32&Prime;][vc_column_text]<\/p>\n<h2>Maman, je dois aller\u00a0\u2026<\/h2>\n<p>Parfois, c\u2019est urgent\u00a0\u2026 Il n\u2019y a pas de toilettes sur la place f\u00e9d\u00e9rale elle-m\u00eame. Les visiteurs du Rendez-vous Bundesplatz peuvent toutefois utiliser les WC publics des parkings bernois \u00e0 plusieurs \u00e9tages du centre-ville ou les WC publics de la gare de Berne avant ou apr\u00e8s la manifestation.[\/vc_column_text][vc_separator type=\u00a0\u00bbnormal\u00a0\u00bb color=\u00a0\u00bb#cccccc\u00a0\u00bb transparency=\u00a0\u00bb1&Prime; thickness=\u00a0\u00bb1&Prime; up=\u00a0\u00bb32&Prime; down=\u00a0\u00bb32&Prime;][vc_column_text css=\u00a0\u00bb\u00a0\u00bb]<\/p>\n<h2>Audiodescription pour les personnes atteintes de c\u00e9cit\u00e9 ou de d\u00e9ficience visuelle<\/h2>\n<p>Les visiteurs peuvent t\u00e9l\u00e9charger la description du spectacle via l&rsquo;application pour smartphone \u00ab Greta \u00bb, la lancer sur place et suivre ainsi le spectacle \u00ab Voyage \u00bb sans barri\u00e8res. L&rsquo;application peut \u00eatre t\u00e9l\u00e9charg\u00e9e gratuitement dans l&rsquo;AppStore et sur Google Play. La description d\u00e9marre automatiquement dans l&rsquo;app. APPORTEZ IMP\u00c9RATIVEMENT VOS PROPRES \u00c9COUTEURS ! L&rsquo;audiodescription est rendue possible gr\u00e2ce \u00e0 l&rsquo;association Blind Power, sp\u00e9cialis\u00e9e dans le domaine de l&rsquo;audiodescription. Le projet est soutenu par le Lions Club Sensetal, l&rsquo;\u00e9cole Egg\/TG et par Starlight Events GmbH\/Rendez-vous Bundesplatz.[\/vc_column_text][vc_empty_space][\/vc_column][\/vc_row]<\/p>\n<\/div>","protected":false},"excerpt":{"rendered":"<p>[vc_row css_animation=\u00a0\u00bb\u00a0\u00bb row_type=\u00a0\u00bbrow\u00a0\u00bb use_row_as_full_screen_section=\u00a0\u00bbno\u00a0\u00bb type=\u00a0\u00bbfull_width\u00a0\u00bb angled_section=\u00a0\u00bbno\u00a0\u00bb text_align=\u00a0\u00bbleft\u00a0\u00bb background_image_as_pattern=\u00a0\u00bbwithout_pattern\u00a0\u00bb][vc_column][vc_empty_space][vc_column_text css=\u00a0\u00bb\u00a0\u00bb] Le spectacle 2025 Tous les joursdu 18.10. au 22.11.202519h, 20h et 21h Dur\u00e9e : environ 30 minutes[\/vc_column_text][\/vc_column][\/vc_row][vc_row css_animation=\u00a0\u00bb\u00a0\u00bb row_type=\u00a0\u00bbrow\u00a0\u00bb use_row_as_full_screen_section=\u00a0\u00bbno\u00a0\u00bb type=\u00a0\u00bbfull_width\u00a0\u00bb angled_section=\u00a0\u00bbno\u00a0\u00bb text_align=\u00a0\u00bbleft\u00a0\u00bb background_image_as_pattern=\u00a0\u00bbwithout_pattern\u00a0\u00bb][vc_column][vc_separator type=\u00a0\u00bbnormal\u00a0\u00bb color=\u00a0\u00bb#cccccc\u00a0\u00bb transparency=\u00a0\u00bb1&Prime; thickness=\u00a0\u00bb1&Prime; up=\u00a0\u00bb32&Prime; down=\u00a0\u00bb32&Prime;][vc_column_text css=\u00a0\u00bb\u00a0\u00bb] Visite de Berne, ville f\u00e9d\u00e9rale&#8230;<\/p>\n","protected":false},"author":2,"featured_media":0,"parent":0,"menu_order":0,"comment_status":"closed","ping_status":"closed","template":"","meta":{"footnotes":""},"class_list":["post-7545","page","type-page","status-publish","hentry"],"yoast_head":"<!-- This site is optimized with the Yoast SEO plugin v27.0 - https:\/\/yoast.com\/product\/yoast-seo-wordpress\/ -->\n<title>Bon \u00e0 savoir - Rendez-vous Bundesplatz<\/title>\n<meta name=\"robots\" content=\"index, follow, max-snippet:-1, max-image-preview:large, max-video-preview:-1\" \/>\n<link rel=\"canonical\" href=\"https:\/\/www.rendezvousbundesplatz.ch\/fr\/bon-a-savoir\/\" \/>\n<meta property=\"og:locale\" content=\"fr_FR\" \/>\n<meta property=\"og:type\" content=\"article\" \/>\n<meta property=\"og:title\" content=\"Bon \u00e0 savoir - Rendez-vous Bundesplatz\" \/>\n<meta property=\"og:description\" content=\"[vc_row css_animation=\u00a0\u00bb\u00a0\u00bb row_type=\u00a0\u00bbrow\u00a0\u00bb use_row_as_full_screen_section=\u00a0\u00bbno\u00a0\u00bb type=\u00a0\u00bbfull_width\u00a0\u00bb angled_section=\u00a0\u00bbno\u00a0\u00bb text_align=\u00a0\u00bbleft\u00a0\u00bb background_image_as_pattern=\u00a0\u00bbwithout_pattern\u00a0\u00bb][vc_column][vc_empty_space][vc_column_text css=\u00a0\u00bb\u00a0\u00bb] Le spectacle 2025 Tous les joursdu 18.10. au 22.11.202519h, 20h et 21h Dur\u00e9e : environ 30 minutes[\/vc_column_text][\/vc_column][\/vc_row][vc_row css_animation=\u00a0\u00bb\u00a0\u00bb row_type=\u00a0\u00bbrow\u00a0\u00bb use_row_as_full_screen_section=\u00a0\u00bbno\u00a0\u00bb type=\u00a0\u00bbfull_width\u00a0\u00bb angled_section=\u00a0\u00bbno\u00a0\u00bb text_align=\u00a0\u00bbleft\u00a0\u00bb background_image_as_pattern=\u00a0\u00bbwithout_pattern\u00a0\u00bb][vc_column][vc_separator type=\u00a0\u00bbnormal\u00a0\u00bb color=\u00a0\u00bb#cccccc\u00a0\u00bb transparency=\u00a0\u00bb1&Prime; thickness=\u00a0\u00bb1&Prime; up=\u00a0\u00bb32&Prime; down=\u00a0\u00bb32&Prime;][vc_column_text css=\u00a0\u00bb\u00a0\u00bb] Visite de Berne, ville f\u00e9d\u00e9rale...\" \/>\n<meta property=\"og:url\" content=\"https:\/\/www.rendezvousbundesplatz.ch\/fr\/bon-a-savoir\/\" \/>\n<meta property=\"og:site_name\" content=\"Rendez-vous Bundesplatz\" \/>\n<meta property=\"article:modified_time\" content=\"2025-09-25T13:59:24+00:00\" \/>\n<meta property=\"og:image\" content=\"https:\/\/www.rendezvousbundesplatz.ch\/wp-content\/uploads\/2024\/05\/img-logo-partner-bern-welcome-500x250-1.png\" \/>\n\t<meta property=\"og:image:width\" content=\"500\" \/>\n\t<meta property=\"og:image:height\" content=\"250\" \/>\n\t<meta property=\"og:image:type\" content=\"image\/png\" \/>\n<meta name=\"twitter:label1\" content=\"Dur\u00e9e de lecture estim\u00e9e\" \/>\n\t<meta name=\"twitter:data1\" content=\"4 minutes\" \/>\n<script type=\"application\/ld+json\" class=\"yoast-schema-graph\">{\"@context\":\"https:\/\/schema.org\",\"@graph\":[{\"@type\":\"WebPage\",\"@id\":\"https:\/\/www.rendezvousbundesplatz.ch\/fr\/bon-a-savoir\/\",\"url\":\"https:\/\/www.rendezvousbundesplatz.ch\/fr\/bon-a-savoir\/\",\"name\":\"Bon \u00e0 savoir - Rendez-vous Bundesplatz\",\"isPartOf\":{\"@id\":\"https:\/\/www.rendezvousbundesplatz.ch\/#website\"},\"primaryImageOfPage\":{\"@id\":\"https:\/\/www.rendezvousbundesplatz.ch\/fr\/bon-a-savoir\/#primaryimage\"},\"image\":{\"@id\":\"https:\/\/www.rendezvousbundesplatz.ch\/fr\/bon-a-savoir\/#primaryimage\"},\"thumbnailUrl\":\"https:\/\/www.rendezvousbundesplatz.ch\/wp-content\/uploads\/2024\/05\/img-logo-partner-bern-welcome-500x250-1-300x150.png\",\"datePublished\":\"2013-10-24T10:12:27+00:00\",\"dateModified\":\"2025-09-25T13:59:24+00:00\",\"breadcrumb\":{\"@id\":\"https:\/\/www.rendezvousbundesplatz.ch\/fr\/bon-a-savoir\/#breadcrumb\"},\"inLanguage\":\"fr-FR\",\"potentialAction\":[{\"@type\":\"ReadAction\",\"target\":[\"https:\/\/www.rendezvousbundesplatz.ch\/fr\/bon-a-savoir\/\"]}]},{\"@type\":\"ImageObject\",\"inLanguage\":\"fr-FR\",\"@id\":\"https:\/\/www.rendezvousbundesplatz.ch\/fr\/bon-a-savoir\/#primaryimage\",\"url\":\"https:\/\/www.rendezvousbundesplatz.ch\/wp-content\/uploads\/2024\/05\/img-logo-partner-bern-welcome-500x250-1-300x150.png\",\"contentUrl\":\"https:\/\/www.rendezvousbundesplatz.ch\/wp-content\/uploads\/2024\/05\/img-logo-partner-bern-welcome-500x250-1-300x150.png\"},{\"@type\":\"BreadcrumbList\",\"@id\":\"https:\/\/www.rendezvousbundesplatz.ch\/fr\/bon-a-savoir\/#breadcrumb\",\"itemListElement\":[{\"@type\":\"ListItem\",\"position\":1,\"name\":\"Home\",\"item\":\"https:\/\/www.rendezvousbundesplatz.ch\/fr\/bienvenue\/\"},{\"@type\":\"ListItem\",\"position\":2,\"name\":\"Bon \u00e0 savoir\"}]},{\"@type\":\"WebSite\",\"@id\":\"https:\/\/www.rendezvousbundesplatz.ch\/#website\",\"url\":\"https:\/\/www.rendezvousbundesplatz.ch\/\",\"name\":\"Rendez-vous Bundesplatz\",\"description\":\"18 octobre au 22 novembre 2025\",\"potentialAction\":[{\"@type\":\"SearchAction\",\"target\":{\"@type\":\"EntryPoint\",\"urlTemplate\":\"https:\/\/www.rendezvousbundesplatz.ch\/?s={search_term_string}\"},\"query-input\":{\"@type\":\"PropertyValueSpecification\",\"valueRequired\":true,\"valueName\":\"search_term_string\"}}],\"inLanguage\":\"fr-FR\"}]}<\/script>\n<!-- \/ Yoast SEO plugin. -->","yoast_head_json":{"title":"Bon \u00e0 savoir - Rendez-vous Bundesplatz","robots":{"index":"index","follow":"follow","max-snippet":"max-snippet:-1","max-image-preview":"max-image-preview:large","max-video-preview":"max-video-preview:-1"},"canonical":"https:\/\/www.rendezvousbundesplatz.ch\/fr\/bon-a-savoir\/","og_locale":"fr_FR","og_type":"article","og_title":"Bon \u00e0 savoir - Rendez-vous Bundesplatz","og_description":"[vc_row css_animation=\u00a0\u00bb\u00a0\u00bb row_type=\u00a0\u00bbrow\u00a0\u00bb use_row_as_full_screen_section=\u00a0\u00bbno\u00a0\u00bb type=\u00a0\u00bbfull_width\u00a0\u00bb angled_section=\u00a0\u00bbno\u00a0\u00bb text_align=\u00a0\u00bbleft\u00a0\u00bb background_image_as_pattern=\u00a0\u00bbwithout_pattern\u00a0\u00bb][vc_column][vc_empty_space][vc_column_text css=\u00a0\u00bb\u00a0\u00bb] Le spectacle 2025 Tous les joursdu 18.10. au 22.11.202519h, 20h et 21h Dur\u00e9e : environ 30 minutes[\/vc_column_text][\/vc_column][\/vc_row][vc_row css_animation=\u00a0\u00bb\u00a0\u00bb row_type=\u00a0\u00bbrow\u00a0\u00bb use_row_as_full_screen_section=\u00a0\u00bbno\u00a0\u00bb type=\u00a0\u00bbfull_width\u00a0\u00bb angled_section=\u00a0\u00bbno\u00a0\u00bb text_align=\u00a0\u00bbleft\u00a0\u00bb background_image_as_pattern=\u00a0\u00bbwithout_pattern\u00a0\u00bb][vc_column][vc_separator type=\u00a0\u00bbnormal\u00a0\u00bb color=\u00a0\u00bb#cccccc\u00a0\u00bb transparency=\u00a0\u00bb1&Prime; thickness=\u00a0\u00bb1&Prime; up=\u00a0\u00bb32&Prime; down=\u00a0\u00bb32&Prime;][vc_column_text css=\u00a0\u00bb\u00a0\u00bb] Visite de Berne, ville f\u00e9d\u00e9rale...","og_url":"https:\/\/www.rendezvousbundesplatz.ch\/fr\/bon-a-savoir\/","og_site_name":"Rendez-vous Bundesplatz","article_modified_time":"2025-09-25T13:59:24+00:00","og_image":[{"width":500,"height":250,"url":"https:\/\/www.rendezvousbundesplatz.ch\/wp-content\/uploads\/2024\/05\/img-logo-partner-bern-welcome-500x250-1.png","type":"image\/png"}],"twitter_misc":{"Dur\u00e9e de lecture estim\u00e9e":"4 minutes"},"schema":{"@context":"https:\/\/schema.org","@graph":[{"@type":"WebPage","@id":"https:\/\/www.rendezvousbundesplatz.ch\/fr\/bon-a-savoir\/","url":"https:\/\/www.rendezvousbundesplatz.ch\/fr\/bon-a-savoir\/","name":"Bon \u00e0 savoir - Rendez-vous Bundesplatz","isPartOf":{"@id":"https:\/\/www.rendezvousbundesplatz.ch\/#website"},"primaryImageOfPage":{"@id":"https:\/\/www.rendezvousbundesplatz.ch\/fr\/bon-a-savoir\/#primaryimage"},"image":{"@id":"https:\/\/www.rendezvousbundesplatz.ch\/fr\/bon-a-savoir\/#primaryimage"},"thumbnailUrl":"https:\/\/www.rendezvousbundesplatz.ch\/wp-content\/uploads\/2024\/05\/img-logo-partner-bern-welcome-500x250-1-300x150.png","datePublished":"2013-10-24T10:12:27+00:00","dateModified":"2025-09-25T13:59:24+00:00","breadcrumb":{"@id":"https:\/\/www.rendezvousbundesplatz.ch\/fr\/bon-a-savoir\/#breadcrumb"},"inLanguage":"fr-FR","potentialAction":[{"@type":"ReadAction","target":["https:\/\/www.rendezvousbundesplatz.ch\/fr\/bon-a-savoir\/"]}]},{"@type":"ImageObject","inLanguage":"fr-FR","@id":"https:\/\/www.rendezvousbundesplatz.ch\/fr\/bon-a-savoir\/#primaryimage","url":"https:\/\/www.rendezvousbundesplatz.ch\/wp-content\/uploads\/2024\/05\/img-logo-partner-bern-welcome-500x250-1-300x150.png","contentUrl":"https:\/\/www.rendezvousbundesplatz.ch\/wp-content\/uploads\/2024\/05\/img-logo-partner-bern-welcome-500x250-1-300x150.png"},{"@type":"BreadcrumbList","@id":"https:\/\/www.rendezvousbundesplatz.ch\/fr\/bon-a-savoir\/#breadcrumb","itemListElement":[{"@type":"ListItem","position":1,"name":"Home","item":"https:\/\/www.rendezvousbundesplatz.ch\/fr\/bienvenue\/"},{"@type":"ListItem","position":2,"name":"Bon \u00e0 savoir"}]},{"@type":"WebSite","@id":"https:\/\/www.rendezvousbundesplatz.ch\/#website","url":"https:\/\/www.rendezvousbundesplatz.ch\/","name":"Rendez-vous Bundesplatz","description":"18 octobre au 22 novembre 2025","potentialAction":[{"@type":"SearchAction","target":{"@type":"EntryPoint","urlTemplate":"https:\/\/www.rendezvousbundesplatz.ch\/?s={search_term_string}"},"query-input":{"@type":"PropertyValueSpecification","valueRequired":true,"valueName":"search_term_string"}}],"inLanguage":"fr-FR"}]}},"_links":{"self":[{"href":"https:\/\/www.rendezvousbundesplatz.ch\/fr\/wp-json\/wp\/v2\/pages\/7545","targetHints":{"allow":["GET"]}}],"collection":[{"href":"https:\/\/www.rendezvousbundesplatz.ch\/fr\/wp-json\/wp\/v2\/pages"}],"about":[{"href":"https:\/\/www.rendezvousbundesplatz.ch\/fr\/wp-json\/wp\/v2\/types\/page"}],"author":[{"embeddable":true,"href":"https:\/\/www.rendezvousbundesplatz.ch\/fr\/wp-json\/wp\/v2\/users\/2"}],"replies":[{"embeddable":true,"href":"https:\/\/www.rendezvousbundesplatz.ch\/fr\/wp-json\/wp\/v2\/comments?post=7545"}],"version-history":[{"count":131,"href":"https:\/\/www.rendezvousbundesplatz.ch\/fr\/wp-json\/wp\/v2\/pages\/7545\/revisions"}],"predecessor-version":[{"id":19016,"href":"https:\/\/www.rendezvousbundesplatz.ch\/fr\/wp-json\/wp\/v2\/pages\/7545\/revisions\/19016"}],"wp:attachment":[{"href":"https:\/\/www.rendezvousbundesplatz.ch\/fr\/wp-json\/wp\/v2\/media?parent=7545"}],"curies":[{"name":"wp","href":"https:\/\/api.w.org\/{rel}","templated":true}]}}