{"id":7568,"date":"2013-10-29T17:49:05","date_gmt":"2013-10-29T16:49:05","guid":{"rendered":"https:\/\/2019.rendezvousbundesplatz.ch.stage.mpx03.ch\/?page_id=7568"},"modified":"2022-07-26T11:31:30","modified_gmt":"2022-07-26T09:31:30","slug":"sponsoring","status":"publish","type":"page","link":"https:\/\/www.rendezvousbundesplatz.ch\/fr\/sponsoring\/","title":{"rendered":"Sponsoring"},"content":{"rendered":"<div class=\"wpb-content-wrapper\"><p>[vc_row css_animation=\u00a0\u00bb\u00a0\u00bb row_type=\u00a0\u00bbrow\u00a0\u00bb use_row_as_full_screen_section=\u00a0\u00bbno\u00a0\u00bb type=\u00a0\u00bbfull_width\u00a0\u00bb angled_section=\u00a0\u00bbno\u00a0\u00bb text_align=\u00a0\u00bbleft\u00a0\u00bb background_image_as_pattern=\u00a0\u00bbwithout_pattern\u00a0\u00bb][vc_column width=\u00a0\u00bb1\/2&Prime;][vc_empty_space][vc_column_text]<\/p>\n<h2>Ihr Engagement<\/h2>\n<p>Comme peu d&rsquo;autres \u00e9v\u00e9nements, \u00ab\u00a0Rendez-vous Bundesplatz\u00a0\u00bb est pr\u00e9destin\u00e9 \u00e0 assurer \u00e0 votre entreprise un transfert d&rsquo;image positif dans tout le pays.<\/p>\n<p>Le spectacle son et lumi\u00e8re sur la Place f\u00e9d\u00e9rale jouit d\u00e9j\u00e0 d&rsquo;une notori\u00e9t\u00e9 de plus de 60% aupr\u00e8s de la population &#8211; avec un rayonnement au-del\u00e0 des fronti\u00e8res linguistiques et nationales.<\/p>\n<p>L&rsquo;\u00e9v\u00e9nement se pr\u00eate parfaitement \u00e0 des actions de fid\u00e9lisation des clients et des partenaires commerciaux, \u00e0 des manifestations pour les collaborateurs, etc. Profitez de cette plate-forme unique et in\u00e9dite &#8211; nous nous ferons un plaisir d&rsquo;\u00e9laborer une proposition de partenariat adapt\u00e9e \u00e0 vos besoins. Un premier entretien vous permettra certainement de d\u00e9couvrir de nouvelles approches qualitatives surprenantes.<\/p>\n<p>Nous nous r\u00e9jouissons de votre prise de contact.<\/p>\n<p><strong>Starlight Events GmbH<\/strong><br \/>\nBrigitte Roux<\/p>\n<p>Pour en savoir plus :<br \/>\n<a href=\"https:\/\/www.rendezvousbundesplatz.ch\/wp-content\/uploads\/2018\/09\/Partnerbroschuere.pdf\">Brochure partenaire (PDF)<\/a>[\/vc_column_text][\/vc_column][vc_column width=\u00a0\u00bb1\/2&Prime;][vc_empty_space][vc_column_text]<div id='wufoo-x1chvb911f1dxcy'>\nFill out my <a href='https:\/\/okeanos.wufoo.com\/forms\/x1chvb911f1dxcy'>online form<\/a>.\n<\/div>\n<script type='text\/javascript'>var x1chvb911f1dxcy;(function(d, t) {\nvar s = d.createElement(t), options = {\n'userName'      : 'okeanos',    \n'formHash'      : 'x1chvb911f1dxcy',    \n'autoResize'    :  true,   \n'height'        : '677',      \n'async'         :  true,          \n'header'        : 'hide',      \n'host'          : 'wufoo.com',    \n'entSource'     : 'wordpress',   \n'defaultValues' : ''     \n,'ssl'          :  1           };\ns.src = ('https:' == d.location.protocol ? 'https:\/\/' : 'http:\/\/') + 'secure.wufoo.com\/scripts\/embed\/form.js';\ns.onload = s.onreadystatechange = function() {\nvar rs = this.readyState; if (rs) if (rs != 'complete') if (rs != 'loaded') return;\ntry { x1chvb911f1dxcy = new WufooForm();x1chvb911f1dxcy.initialize(options);x1chvb911f1dxcy.display(); } catch (e) {}}\nvar scr = d.getElementsByTagName(t)[0], par = scr.parentNode; par.insertBefore(s, scr);\n})(document, 'script');<\/script> <noscript> <iframe height=\"677\" allowTransparency=\"true\" sandbox=\"allow-top-navigation allow-scripts allow-popups allow-forms allow-same-origin allow-popups-to-escape-sandbox\" frameborder=\"0\" scrolling=\"no\" style=\"width:100%;border:none;\"src=\"https:\/\/okeanos.wufoo.com\/embed\/x1chvb911f1dxcy?entsource=wordpress\"><a href=\"https:\/\/okeanos.wufoo.com\/forms\/x1chvb911f1dxcy?entsource=wordpress\" rel=\"nofollow\">Fill out my Wufoo form!<\/a><\/iframe> <\/noscript>[\/vc_column_text][\/vc_column][\/vc_row][vc_row css_animation=\u00a0\u00bb\u00a0\u00bb row_type=\u00a0\u00bbrow\u00a0\u00bb use_row_as_full_screen_section=\u00a0\u00bbno\u00a0\u00bb type=\u00a0\u00bbfull_width\u00a0\u00bb angled_section=\u00a0\u00bbno\u00a0\u00bb text_align=\u00a0\u00bbleft\u00a0\u00bb background_image_as_pattern=\u00a0\u00bbwithout_pattern\u00a0\u00bb][vc_column][vc_empty_space][\/vc_column][\/vc_row]<\/p>\n<\/div>","protected":false},"excerpt":{"rendered":"<p>[vc_row css_animation=\u00a0\u00bb\u00a0\u00bb row_type=\u00a0\u00bbrow\u00a0\u00bb use_row_as_full_screen_section=\u00a0\u00bbno\u00a0\u00bb type=\u00a0\u00bbfull_width\u00a0\u00bb angled_section=\u00a0\u00bbno\u00a0\u00bb text_align=\u00a0\u00bbleft\u00a0\u00bb background_image_as_pattern=\u00a0\u00bbwithout_pattern\u00a0\u00bb][vc_column width=\u00a0\u00bb1\/2&Prime;][vc_empty_space][vc_column_text] Ihr Engagement Comme peu d&rsquo;autres \u00e9v\u00e9nements, \u00ab\u00a0Rendez-vous Bundesplatz\u00a0\u00bb est pr\u00e9destin\u00e9 \u00e0 assurer \u00e0 votre entreprise un transfert d&rsquo;image positif dans tout le pays. Le spectacle son et lumi\u00e8re sur la Place f\u00e9d\u00e9rale jouit d\u00e9j\u00e0 d&rsquo;une notori\u00e9t\u00e9&#8230;<\/p>\n","protected":false},"author":2,"featured_media":0,"parent":0,"menu_order":0,"comment_status":"closed","ping_status":"closed","template":"","meta":{"footnotes":""},"class_list":["post-7568","page","type-page","status-publish","hentry"],"yoast_head":"<!-- This site is optimized with the Yoast SEO plugin v27.5 - https:\/\/yoast.com\/product\/yoast-seo-wordpress\/ -->\n<title>Sponsoring - Rendez-vous Bundesplatz<\/title>\n<meta name=\"robots\" content=\"index, follow, max-snippet:-1, max-image-preview:large, max-video-preview:-1\" \/>\n<link rel=\"canonical\" href=\"https:\/\/www.rendezvousbundesplatz.ch\/fr\/sponsoring\/\" \/>\n<meta property=\"og:locale\" content=\"fr_FR\" \/>\n<meta property=\"og:type\" content=\"article\" \/>\n<meta property=\"og:title\" content=\"Sponsoring - Rendez-vous Bundesplatz\" \/>\n<meta property=\"og:description\" content=\"[vc_row css_animation=\u00a0\u00bb\u00a0\u00bb row_type=\u00a0\u00bbrow\u00a0\u00bb use_row_as_full_screen_section=\u00a0\u00bbno\u00a0\u00bb type=\u00a0\u00bbfull_width\u00a0\u00bb angled_section=\u00a0\u00bbno\u00a0\u00bb text_align=\u00a0\u00bbleft\u00a0\u00bb background_image_as_pattern=\u00a0\u00bbwithout_pattern\u00a0\u00bb][vc_column width=\u00a0\u00bb1\/2&Prime;][vc_empty_space][vc_column_text] Ihr Engagement Comme peu d&rsquo;autres \u00e9v\u00e9nements, \u00ab\u00a0Rendez-vous Bundesplatz\u00a0\u00bb est pr\u00e9destin\u00e9 \u00e0 assurer \u00e0 votre entreprise un transfert d&rsquo;image positif dans tout le pays. Le spectacle son et lumi\u00e8re sur la Place f\u00e9d\u00e9rale jouit d\u00e9j\u00e0 d&rsquo;une notori\u00e9t\u00e9...\" \/>\n<meta property=\"og:url\" content=\"https:\/\/www.rendezvousbundesplatz.ch\/fr\/sponsoring\/\" \/>\n<meta property=\"og:site_name\" content=\"Rendez-vous Bundesplatz\" \/>\n<meta property=\"article:modified_time\" content=\"2022-07-26T09:31:30+00:00\" \/>\n<meta name=\"twitter:label1\" content=\"Dur\u00e9e de lecture estim\u00e9e\" \/>\n\t<meta name=\"twitter:data1\" content=\"1 minute\" \/>\n<script type=\"application\/ld+json\" class=\"yoast-schema-graph\">{\"@context\":\"https:\\\/\\\/schema.org\",\"@graph\":[{\"@type\":\"WebPage\",\"@id\":\"https:\\\/\\\/www.rendezvousbundesplatz.ch\\\/fr\\\/sponsoring\\\/\",\"url\":\"https:\\\/\\\/www.rendezvousbundesplatz.ch\\\/fr\\\/sponsoring\\\/\",\"name\":\"Sponsoring - Rendez-vous Bundesplatz\",\"isPartOf\":{\"@id\":\"https:\\\/\\\/www.rendezvousbundesplatz.ch\\\/#website\"},\"datePublished\":\"2013-10-29T16:49:05+00:00\",\"dateModified\":\"2022-07-26T09:31:30+00:00\",\"breadcrumb\":{\"@id\":\"https:\\\/\\\/www.rendezvousbundesplatz.ch\\\/fr\\\/sponsoring\\\/#breadcrumb\"},\"inLanguage\":\"fr-FR\",\"potentialAction\":[{\"@type\":\"ReadAction\",\"target\":[\"https:\\\/\\\/www.rendezvousbundesplatz.ch\\\/fr\\\/sponsoring\\\/\"]}]},{\"@type\":\"BreadcrumbList\",\"@id\":\"https:\\\/\\\/www.rendezvousbundesplatz.ch\\\/fr\\\/sponsoring\\\/#breadcrumb\",\"itemListElement\":[{\"@type\":\"ListItem\",\"position\":1,\"name\":\"Home\",\"item\":\"https:\\\/\\\/www.rendezvousbundesplatz.ch\\\/fr\\\/bienvenue\\\/\"},{\"@type\":\"ListItem\",\"position\":2,\"name\":\"Sponsoring\"}]},{\"@type\":\"WebSite\",\"@id\":\"https:\\\/\\\/www.rendezvousbundesplatz.ch\\\/#website\",\"url\":\"https:\\\/\\\/www.rendezvousbundesplatz.ch\\\/\",\"name\":\"Rendez-vous Bundesplatz\",\"description\":\"17 octobre au 21 novembre 2026\",\"potentialAction\":[{\"@type\":\"SearchAction\",\"target\":{\"@type\":\"EntryPoint\",\"urlTemplate\":\"https:\\\/\\\/www.rendezvousbundesplatz.ch\\\/?s={search_term_string}\"},\"query-input\":{\"@type\":\"PropertyValueSpecification\",\"valueRequired\":true,\"valueName\":\"search_term_string\"}}],\"inLanguage\":\"fr-FR\"}]}<\/script>\n<!-- \/ Yoast SEO plugin. -->","yoast_head_json":{"title":"Sponsoring - Rendez-vous Bundesplatz","robots":{"index":"index","follow":"follow","max-snippet":"max-snippet:-1","max-image-preview":"max-image-preview:large","max-video-preview":"max-video-preview:-1"},"canonical":"https:\/\/www.rendezvousbundesplatz.ch\/fr\/sponsoring\/","og_locale":"fr_FR","og_type":"article","og_title":"Sponsoring - Rendez-vous Bundesplatz","og_description":"[vc_row css_animation=\u00a0\u00bb\u00a0\u00bb row_type=\u00a0\u00bbrow\u00a0\u00bb use_row_as_full_screen_section=\u00a0\u00bbno\u00a0\u00bb type=\u00a0\u00bbfull_width\u00a0\u00bb angled_section=\u00a0\u00bbno\u00a0\u00bb text_align=\u00a0\u00bbleft\u00a0\u00bb background_image_as_pattern=\u00a0\u00bbwithout_pattern\u00a0\u00bb][vc_column width=\u00a0\u00bb1\/2&Prime;][vc_empty_space][vc_column_text] Ihr Engagement Comme peu d&rsquo;autres \u00e9v\u00e9nements, \u00ab\u00a0Rendez-vous Bundesplatz\u00a0\u00bb est pr\u00e9destin\u00e9 \u00e0 assurer \u00e0 votre entreprise un transfert d&rsquo;image positif dans tout le pays. Le spectacle son et lumi\u00e8re sur la Place f\u00e9d\u00e9rale jouit d\u00e9j\u00e0 d&rsquo;une notori\u00e9t\u00e9...","og_url":"https:\/\/www.rendezvousbundesplatz.ch\/fr\/sponsoring\/","og_site_name":"Rendez-vous Bundesplatz","article_modified_time":"2022-07-26T09:31:30+00:00","twitter_misc":{"Dur\u00e9e de lecture estim\u00e9e":"1 minute"},"schema":{"@context":"https:\/\/schema.org","@graph":[{"@type":"WebPage","@id":"https:\/\/www.rendezvousbundesplatz.ch\/fr\/sponsoring\/","url":"https:\/\/www.rendezvousbundesplatz.ch\/fr\/sponsoring\/","name":"Sponsoring - Rendez-vous Bundesplatz","isPartOf":{"@id":"https:\/\/www.rendezvousbundesplatz.ch\/#website"},"datePublished":"2013-10-29T16:49:05+00:00","dateModified":"2022-07-26T09:31:30+00:00","breadcrumb":{"@id":"https:\/\/www.rendezvousbundesplatz.ch\/fr\/sponsoring\/#breadcrumb"},"inLanguage":"fr-FR","potentialAction":[{"@type":"ReadAction","target":["https:\/\/www.rendezvousbundesplatz.ch\/fr\/sponsoring\/"]}]},{"@type":"BreadcrumbList","@id":"https:\/\/www.rendezvousbundesplatz.ch\/fr\/sponsoring\/#breadcrumb","itemListElement":[{"@type":"ListItem","position":1,"name":"Home","item":"https:\/\/www.rendezvousbundesplatz.ch\/fr\/bienvenue\/"},{"@type":"ListItem","position":2,"name":"Sponsoring"}]},{"@type":"WebSite","@id":"https:\/\/www.rendezvousbundesplatz.ch\/#website","url":"https:\/\/www.rendezvousbundesplatz.ch\/","name":"Rendez-vous Bundesplatz","description":"17 octobre au 21 novembre 2026","potentialAction":[{"@type":"SearchAction","target":{"@type":"EntryPoint","urlTemplate":"https:\/\/www.rendezvousbundesplatz.ch\/?s={search_term_string}"},"query-input":{"@type":"PropertyValueSpecification","valueRequired":true,"valueName":"search_term_string"}}],"inLanguage":"fr-FR"}]}},"_links":{"self":[{"href":"https:\/\/www.rendezvousbundesplatz.ch\/fr\/wp-json\/wp\/v2\/pages\/7568","targetHints":{"allow":["GET"]}}],"collection":[{"href":"https:\/\/www.rendezvousbundesplatz.ch\/fr\/wp-json\/wp\/v2\/pages"}],"about":[{"href":"https:\/\/www.rendezvousbundesplatz.ch\/fr\/wp-json\/wp\/v2\/types\/page"}],"author":[{"embeddable":true,"href":"https:\/\/www.rendezvousbundesplatz.ch\/fr\/wp-json\/wp\/v2\/users\/2"}],"replies":[{"embeddable":true,"href":"https:\/\/www.rendezvousbundesplatz.ch\/fr\/wp-json\/wp\/v2\/comments?post=7568"}],"version-history":[{"count":3,"href":"https:\/\/www.rendezvousbundesplatz.ch\/fr\/wp-json\/wp\/v2\/pages\/7568\/revisions"}],"predecessor-version":[{"id":15351,"href":"https:\/\/www.rendezvousbundesplatz.ch\/fr\/wp-json\/wp\/v2\/pages\/7568\/revisions\/15351"}],"wp:attachment":[{"href":"https:\/\/www.rendezvousbundesplatz.ch\/fr\/wp-json\/wp\/v2\/media?parent=7568"}],"curies":[{"name":"wp","href":"https:\/\/api.w.org\/{rel}","templated":true}]}}