{"id":8383,"date":"2016-06-23T10:17:04","date_gmt":"2016-06-23T08:17:04","guid":{"rendered":"http:\/\/rvb.wpengine.com\/fr\/das-spektakel-2016\/"},"modified":"2017-09-04T05:19:06","modified_gmt":"2017-09-04T03:19:06","slug":"spectacle-2016","status":"publish","type":"page","link":"https:\/\/www.rendezvousbundesplatz.ch\/fr\/spectacle-2016\/","title":{"rendered":"Spectacle 2016"},"content":{"rendered":"<div class=\"wpb-content-wrapper\"><p>[vc_row css_animation=\u00a0\u00bb\u00a0\u00bb row_type=\u00a0\u00bbrow\u00a0\u00bb use_row_as_full_screen_section=\u00a0\u00bbno\u00a0\u00bb type=\u00a0\u00bbfull_width\u00a0\u00bb angled_section=\u00a0\u00bbno\u00a0\u00bb text_align=\u00a0\u00bbleft\u00a0\u00bb background_image_as_pattern=\u00a0\u00bbwithout_pattern\u00a0\u00bb][vc_column width=\u00a0\u00bb1\/2&Prime;][vc_empty_space][vc_column_text]<\/p>\n<h2>Sp\u00e9ctacle 2016 :<br \/>\n\u00ab Tutti Fratelli \u00bb<\/h2>\n<p>[\/vc_column_text][vc_column_text]Plus de 584\u2019300 spectateurs et spectatrices ont pu se r\u00e9galer au sixi\u00e8me Show qui s\u2019est d\u00e9roul\u00e9 entre le 14 octobre et 26 novembre 2016.<\/p>\n<p>L\u2019exceptionnel spectacle son et lumi\u00e8re de Starlight Events a \u00e9t\u00e9 consacr\u00e9 en 2016 \u00e0 la Croix Rouge Suisse (CRS), \u00e0 son histoire et \u00e0 ses valeurs, \u00e0 l\u2019occasion de son 150e anniversaire.<\/p>\n<p>La Croix-Rouge et la croix blanche sont \u00e9troitement li\u00e9es: la CRS est embl\u00e9matique de la Suisse. Tout ce qu\u2019incarne la Croix-Rouge suisse et tout ce qu\u2019elle accomplit dans le pays comme \u00e0 l\u2019\u00e9tranger compte parmi les valeurs fondamentales de la Suisse.<\/p>\n<p>Pour sa sixi\u00e8me \u00e9dition, Rendez-vous Bundesplatz s\u2019est tourn\u00e9 vers l\u2019histoire si riche de la CRS \u2013 et donc \u00e9videmment vers les aspects majeurs de notre histoire nationale. En projetant des images touchantes et \u00e9mouvantes sur la fa\u00e7ade du Palais f\u00e9d\u00e9ral, c\u2019est aussi l\u2019envers du d\u00e9cor que nous pourrons d\u00e9couvrir.<\/p>\n<p>Une fois de plus, c\u2019est un spectacle son et lumi\u00e8re unique en son genre qui vous a \u00e9t\u00e9 offert. Et encore une fois, c\u2019\u00e9tait une production suisse: Starlight Events a travaill\u00e9 de nouveau en collaboration avec le collectif d\u2019artistes zurichois \u00ab Projektil \u00bb et le partenaire technique \u00ab Auviso \u00bb de Kriens.[\/vc_column_text][\/vc_column][vc_column width=\u00a0\u00bb1\/2&Prime;][vc_empty_space][vc_video link=\u00a0\u00bbhttps:\/\/www.youtube.com\/watch?v=KgNqkyqUj-8&Prime; align=\u00a0\u00bbcenter\u00a0\u00bb][vc_empty_space][vc_column_text]<a href=\"https:\/\/www.youtube.com\/watch?v=Qq3FWsqMntE\" target=\"_blank\" rel=\"noopener\">Trailer Show 2016<\/a>\u00a0(YouTube)[\/vc_column_text][\/vc_column][\/vc_row][vc_row css_animation=\u00a0\u00bb\u00a0\u00bb row_type=\u00a0\u00bbrow\u00a0\u00bb use_row_as_full_screen_section=\u00a0\u00bbno\u00a0\u00bb type=\u00a0\u00bbfull_width\u00a0\u00bb angled_section=\u00a0\u00bbno\u00a0\u00bb text_align=\u00a0\u00bbleft\u00a0\u00bb background_image_as_pattern=\u00a0\u00bbwithout_pattern\u00a0\u00bb][vc_column][vc_empty_space][vc_column_text]<\/p>\n\n\t\t<style type=\"text\/css\">\n\t\t\t#gallery-2 {\n\t\t\t\tmargin: auto;\n\t\t\t}\n\t\t\t#gallery-2 .gallery-item {\n\t\t\t\tfloat: left;\n\t\t\t\tmargin-top: 10px;\n\t\t\t\ttext-align: center;\n\t\t\t\twidth: 25%;\n\t\t\t}\n\t\t\t#gallery-2 img {\n\t\t\t\tborder: 2px solid #cfcfcf;\n\t\t\t}\n\t\t\t#gallery-2 .gallery-caption {\n\t\t\t\tmargin-left: 0;\n\t\t\t}\n\t\t\t\/* see gallery_shortcode() in wp-includes\/media.php *\/\n\t\t<\/style>\n\t\t<div id='gallery-2' class='gallery galleryid-8383 gallery-columns-4 gallery-size-medium'><dl class='gallery-item'>\n\t\t\t<dt class='gallery-icon landscape'>\n\t\t\t\t<a href='https:\/\/www.rendezvousbundesplatz.ch\/wp-content\/uploads\/2016\/11\/rvb16_161126-11.jpg'><img loading=\"lazy\" decoding=\"async\" width=\"300\" height=\"200\" src=\"https:\/\/www.rendezvousbundesplatz.ch\/wp-content\/uploads\/2016\/11\/rvb16_161126-11-300x200.jpg\" class=\"attachment-medium size-medium\" alt=\"\" srcset=\"https:\/\/www.rendezvousbundesplatz.ch\/wp-content\/uploads\/2016\/11\/rvb16_161126-11-300x200.jpg 300w, https:\/\/www.rendezvousbundesplatz.ch\/wp-content\/uploads\/2016\/11\/rvb16_161126-11-768x512.jpg 768w, https:\/\/www.rendezvousbundesplatz.ch\/wp-content\/uploads\/2016\/11\/rvb16_161126-11-1024x683.jpg 1024w, https:\/\/www.rendezvousbundesplatz.ch\/wp-content\/uploads\/2016\/11\/rvb16_161126-11-700x467.jpg 700w\" sizes=\"auto, (max-width: 300px) 100vw, 300px\" \/><\/a>\n\t\t\t<\/dt><\/dl><dl class='gallery-item'>\n\t\t\t<dt class='gallery-icon landscape'>\n\t\t\t\t<a href='https:\/\/www.rendezvousbundesplatz.ch\/wp-content\/uploads\/2016\/11\/rvb16_161126-16.jpg'><img loading=\"lazy\" decoding=\"async\" width=\"300\" height=\"200\" src=\"https:\/\/www.rendezvousbundesplatz.ch\/wp-content\/uploads\/2016\/11\/rvb16_161126-16-300x200.jpg\" class=\"attachment-medium size-medium\" alt=\"\" srcset=\"https:\/\/www.rendezvousbundesplatz.ch\/wp-content\/uploads\/2016\/11\/rvb16_161126-16-300x200.jpg 300w, https:\/\/www.rendezvousbundesplatz.ch\/wp-content\/uploads\/2016\/11\/rvb16_161126-16-768x512.jpg 768w, https:\/\/www.rendezvousbundesplatz.ch\/wp-content\/uploads\/2016\/11\/rvb16_161126-16-1024x683.jpg 1024w, https:\/\/www.rendezvousbundesplatz.ch\/wp-content\/uploads\/2016\/11\/rvb16_161126-16-700x467.jpg 700w\" sizes=\"auto, (max-width: 300px) 100vw, 300px\" \/><\/a>\n\t\t\t<\/dt><\/dl><dl class='gallery-item'>\n\t\t\t<dt class='gallery-icon landscape'>\n\t\t\t\t<a href='https:\/\/www.rendezvousbundesplatz.ch\/wp-content\/uploads\/2016\/11\/rvb16_161126-14.jpg'><img loading=\"lazy\" decoding=\"async\" width=\"300\" height=\"200\" src=\"https:\/\/www.rendezvousbundesplatz.ch\/wp-content\/uploads\/2016\/11\/rvb16_161126-14-300x200.jpg\" class=\"attachment-medium size-medium\" alt=\"\" srcset=\"https:\/\/www.rendezvousbundesplatz.ch\/wp-content\/uploads\/2016\/11\/rvb16_161126-14-300x200.jpg 300w, https:\/\/www.rendezvousbundesplatz.ch\/wp-content\/uploads\/2016\/11\/rvb16_161126-14-768x512.jpg 768w, https:\/\/www.rendezvousbundesplatz.ch\/wp-content\/uploads\/2016\/11\/rvb16_161126-14-1024x683.jpg 1024w, https:\/\/www.rendezvousbundesplatz.ch\/wp-content\/uploads\/2016\/11\/rvb16_161126-14-700x467.jpg 700w\" sizes=\"auto, (max-width: 300px) 100vw, 300px\" \/><\/a>\n\t\t\t<\/dt><\/dl><dl class='gallery-item'>\n\t\t\t<dt class='gallery-icon landscape'>\n\t\t\t\t<a href='https:\/\/www.rendezvousbundesplatz.ch\/wp-content\/uploads\/2016\/11\/rvb16_161126-13.jpg'><img loading=\"lazy\" decoding=\"async\" width=\"300\" height=\"200\" src=\"https:\/\/www.rendezvousbundesplatz.ch\/wp-content\/uploads\/2016\/11\/rvb16_161126-13-300x200.jpg\" class=\"attachment-medium size-medium\" alt=\"\" srcset=\"https:\/\/www.rendezvousbundesplatz.ch\/wp-content\/uploads\/2016\/11\/rvb16_161126-13-300x200.jpg 300w, https:\/\/www.rendezvousbundesplatz.ch\/wp-content\/uploads\/2016\/11\/rvb16_161126-13-768x512.jpg 768w, https:\/\/www.rendezvousbundesplatz.ch\/wp-content\/uploads\/2016\/11\/rvb16_161126-13-1024x683.jpg 1024w, https:\/\/www.rendezvousbundesplatz.ch\/wp-content\/uploads\/2016\/11\/rvb16_161126-13-700x467.jpg 700w\" sizes=\"auto, (max-width: 300px) 100vw, 300px\" \/><\/a>\n\t\t\t<\/dt><\/dl><br style=\"clear: both\" \/><dl class='gallery-item'>\n\t\t\t<dt class='gallery-icon landscape'>\n\t\t\t\t<a href='https:\/\/www.rendezvousbundesplatz.ch\/wp-content\/uploads\/2016\/11\/rvb16_161126-8.jpg'><img loading=\"lazy\" decoding=\"async\" width=\"300\" height=\"200\" src=\"https:\/\/www.rendezvousbundesplatz.ch\/wp-content\/uploads\/2016\/11\/rvb16_161126-8-300x200.jpg\" class=\"attachment-medium size-medium\" alt=\"\" srcset=\"https:\/\/www.rendezvousbundesplatz.ch\/wp-content\/uploads\/2016\/11\/rvb16_161126-8-300x200.jpg 300w, https:\/\/www.rendezvousbundesplatz.ch\/wp-content\/uploads\/2016\/11\/rvb16_161126-8-768x512.jpg 768w, https:\/\/www.rendezvousbundesplatz.ch\/wp-content\/uploads\/2016\/11\/rvb16_161126-8-1024x683.jpg 1024w, https:\/\/www.rendezvousbundesplatz.ch\/wp-content\/uploads\/2016\/11\/rvb16_161126-8-700x467.jpg 700w\" sizes=\"auto, (max-width: 300px) 100vw, 300px\" \/><\/a>\n\t\t\t<\/dt><\/dl><dl class='gallery-item'>\n\t\t\t<dt class='gallery-icon landscape'>\n\t\t\t\t<a href='https:\/\/www.rendezvousbundesplatz.ch\/wp-content\/uploads\/2016\/11\/rvb16_161126-15.jpg'><img loading=\"lazy\" decoding=\"async\" width=\"300\" height=\"200\" src=\"https:\/\/www.rendezvousbundesplatz.ch\/wp-content\/uploads\/2016\/11\/rvb16_161126-15-300x200.jpg\" class=\"attachment-medium size-medium\" alt=\"\" srcset=\"https:\/\/www.rendezvousbundesplatz.ch\/wp-content\/uploads\/2016\/11\/rvb16_161126-15-300x200.jpg 300w, https:\/\/www.rendezvousbundesplatz.ch\/wp-content\/uploads\/2016\/11\/rvb16_161126-15-768x512.jpg 768w, https:\/\/www.rendezvousbundesplatz.ch\/wp-content\/uploads\/2016\/11\/rvb16_161126-15-1024x683.jpg 1024w, https:\/\/www.rendezvousbundesplatz.ch\/wp-content\/uploads\/2016\/11\/rvb16_161126-15-700x467.jpg 700w\" sizes=\"auto, (max-width: 300px) 100vw, 300px\" \/><\/a>\n\t\t\t<\/dt><\/dl><dl class='gallery-item'>\n\t\t\t<dt class='gallery-icon landscape'>\n\t\t\t\t<a href='https:\/\/www.rendezvousbundesplatz.ch\/wp-content\/uploads\/2016\/11\/rvb16_161126-7.jpg'><img loading=\"lazy\" decoding=\"async\" width=\"300\" height=\"200\" src=\"https:\/\/www.rendezvousbundesplatz.ch\/wp-content\/uploads\/2016\/11\/rvb16_161126-7-300x200.jpg\" class=\"attachment-medium size-medium\" alt=\"\" srcset=\"https:\/\/www.rendezvousbundesplatz.ch\/wp-content\/uploads\/2016\/11\/rvb16_161126-7-300x200.jpg 300w, https:\/\/www.rendezvousbundesplatz.ch\/wp-content\/uploads\/2016\/11\/rvb16_161126-7-768x512.jpg 768w, https:\/\/www.rendezvousbundesplatz.ch\/wp-content\/uploads\/2016\/11\/rvb16_161126-7-1024x683.jpg 1024w, https:\/\/www.rendezvousbundesplatz.ch\/wp-content\/uploads\/2016\/11\/rvb16_161126-7-700x467.jpg 700w\" sizes=\"auto, (max-width: 300px) 100vw, 300px\" \/><\/a>\n\t\t\t<\/dt><\/dl><dl class='gallery-item'>\n\t\t\t<dt class='gallery-icon landscape'>\n\t\t\t\t<a href='https:\/\/www.rendezvousbundesplatz.ch\/wp-content\/uploads\/2016\/11\/rvb16_161126-9.jpg'><img loading=\"lazy\" decoding=\"async\" width=\"300\" height=\"200\" src=\"https:\/\/www.rendezvousbundesplatz.ch\/wp-content\/uploads\/2016\/11\/rvb16_161126-9-300x200.jpg\" class=\"attachment-medium size-medium\" alt=\"\" srcset=\"https:\/\/www.rendezvousbundesplatz.ch\/wp-content\/uploads\/2016\/11\/rvb16_161126-9-300x200.jpg 300w, https:\/\/www.rendezvousbundesplatz.ch\/wp-content\/uploads\/2016\/11\/rvb16_161126-9-768x512.jpg 768w, https:\/\/www.rendezvousbundesplatz.ch\/wp-content\/uploads\/2016\/11\/rvb16_161126-9-1024x683.jpg 1024w, https:\/\/www.rendezvousbundesplatz.ch\/wp-content\/uploads\/2016\/11\/rvb16_161126-9-700x467.jpg 700w\" sizes=\"auto, (max-width: 300px) 100vw, 300px\" \/><\/a>\n\t\t\t<\/dt><\/dl><br style=\"clear: both\" \/><dl class='gallery-item'>\n\t\t\t<dt class='gallery-icon landscape'>\n\t\t\t\t<a href='https:\/\/www.rendezvousbundesplatz.ch\/wp-content\/uploads\/2016\/11\/rvb16_161126-18.jpg'><img loading=\"lazy\" decoding=\"async\" width=\"300\" height=\"200\" src=\"https:\/\/www.rendezvousbundesplatz.ch\/wp-content\/uploads\/2016\/11\/rvb16_161126-18-300x200.jpg\" class=\"attachment-medium size-medium\" alt=\"\" srcset=\"https:\/\/www.rendezvousbundesplatz.ch\/wp-content\/uploads\/2016\/11\/rvb16_161126-18-300x200.jpg 300w, https:\/\/www.rendezvousbundesplatz.ch\/wp-content\/uploads\/2016\/11\/rvb16_161126-18-768x512.jpg 768w, https:\/\/www.rendezvousbundesplatz.ch\/wp-content\/uploads\/2016\/11\/rvb16_161126-18-1024x683.jpg 1024w, https:\/\/www.rendezvousbundesplatz.ch\/wp-content\/uploads\/2016\/11\/rvb16_161126-18-700x467.jpg 700w\" sizes=\"auto, (max-width: 300px) 100vw, 300px\" \/><\/a>\n\t\t\t<\/dt><\/dl><dl class='gallery-item'>\n\t\t\t<dt class='gallery-icon landscape'>\n\t\t\t\t<a href='https:\/\/www.rendezvousbundesplatz.ch\/wp-content\/uploads\/2016\/11\/rvb16_161126-10.jpg'><img loading=\"lazy\" decoding=\"async\" width=\"300\" height=\"200\" src=\"https:\/\/www.rendezvousbundesplatz.ch\/wp-content\/uploads\/2016\/11\/rvb16_161126-10-300x200.jpg\" class=\"attachment-medium size-medium\" alt=\"\" srcset=\"https:\/\/www.rendezvousbundesplatz.ch\/wp-content\/uploads\/2016\/11\/rvb16_161126-10-300x200.jpg 300w, https:\/\/www.rendezvousbundesplatz.ch\/wp-content\/uploads\/2016\/11\/rvb16_161126-10-768x512.jpg 768w, https:\/\/www.rendezvousbundesplatz.ch\/wp-content\/uploads\/2016\/11\/rvb16_161126-10-1024x683.jpg 1024w, https:\/\/www.rendezvousbundesplatz.ch\/wp-content\/uploads\/2016\/11\/rvb16_161126-10-700x467.jpg 700w\" sizes=\"auto, (max-width: 300px) 100vw, 300px\" \/><\/a>\n\t\t\t<\/dt><\/dl><dl class='gallery-item'>\n\t\t\t<dt class='gallery-icon landscape'>\n\t\t\t\t<a href='https:\/\/www.rendezvousbundesplatz.ch\/wp-content\/uploads\/2016\/11\/rvb16_161126-6.jpg'><img loading=\"lazy\" decoding=\"async\" width=\"300\" height=\"200\" src=\"https:\/\/www.rendezvousbundesplatz.ch\/wp-content\/uploads\/2016\/11\/rvb16_161126-6-300x200.jpg\" class=\"attachment-medium size-medium\" alt=\"\" srcset=\"https:\/\/www.rendezvousbundesplatz.ch\/wp-content\/uploads\/2016\/11\/rvb16_161126-6-300x200.jpg 300w, https:\/\/www.rendezvousbundesplatz.ch\/wp-content\/uploads\/2016\/11\/rvb16_161126-6-768x512.jpg 768w, https:\/\/www.rendezvousbundesplatz.ch\/wp-content\/uploads\/2016\/11\/rvb16_161126-6-1024x683.jpg 1024w, https:\/\/www.rendezvousbundesplatz.ch\/wp-content\/uploads\/2016\/11\/rvb16_161126-6-700x467.jpg 700w\" sizes=\"auto, (max-width: 300px) 100vw, 300px\" \/><\/a>\n\t\t\t<\/dt><\/dl><dl class='gallery-item'>\n\t\t\t<dt class='gallery-icon landscape'>\n\t\t\t\t<a href='https:\/\/www.rendezvousbundesplatz.ch\/wp-content\/uploads\/2016\/11\/rvb16_161126-12.jpg'><img loading=\"lazy\" decoding=\"async\" width=\"300\" height=\"200\" src=\"https:\/\/www.rendezvousbundesplatz.ch\/wp-content\/uploads\/2016\/11\/rvb16_161126-12-300x200.jpg\" class=\"attachment-medium size-medium\" alt=\"\" srcset=\"https:\/\/www.rendezvousbundesplatz.ch\/wp-content\/uploads\/2016\/11\/rvb16_161126-12-300x200.jpg 300w, https:\/\/www.rendezvousbundesplatz.ch\/wp-content\/uploads\/2016\/11\/rvb16_161126-12-768x512.jpg 768w, https:\/\/www.rendezvousbundesplatz.ch\/wp-content\/uploads\/2016\/11\/rvb16_161126-12-1024x683.jpg 1024w, https:\/\/www.rendezvousbundesplatz.ch\/wp-content\/uploads\/2016\/11\/rvb16_161126-12-700x467.jpg 700w\" sizes=\"auto, (max-width: 300px) 100vw, 300px\" \/><\/a>\n\t\t\t<\/dt><\/dl><br style=\"clear: both\" \/>\n\t\t<\/div>\n\n<p>[\/vc_column_text][\/vc_column][\/vc_row][vc_row css_animation=\u00a0\u00bb\u00a0\u00bb row_type=\u00a0\u00bbrow\u00a0\u00bb use_row_as_full_screen_section=\u00a0\u00bbno\u00a0\u00bb type=\u00a0\u00bbfull_width\u00a0\u00bb angled_section=\u00a0\u00bbno\u00a0\u00bb text_align=\u00a0\u00bbleft\u00a0\u00bb background_image_as_pattern=\u00a0\u00bbwithout_pattern\u00a0\u00bb][vc_column][vc_empty_space][\/vc_column][\/vc_row]<\/p>\n<\/div>","protected":false},"excerpt":{"rendered":"<p>[vc_row css_animation=\u00a0\u00bb\u00a0\u00bb row_type=\u00a0\u00bbrow\u00a0\u00bb use_row_as_full_screen_section=\u00a0\u00bbno\u00a0\u00bb type=\u00a0\u00bbfull_width\u00a0\u00bb angled_section=\u00a0\u00bbno\u00a0\u00bb text_align=\u00a0\u00bbleft\u00a0\u00bb background_image_as_pattern=\u00a0\u00bbwithout_pattern\u00a0\u00bb][vc_column width=\u00a0\u00bb1\/2&Prime;][vc_empty_space][vc_column_text] Sp\u00e9ctacle 2016 : \u00ab Tutti Fratelli \u00bb [\/vc_column_text][vc_column_text]Plus de 584\u2019300 spectateurs et spectatrices ont pu se r\u00e9galer au sixi\u00e8me Show qui s\u2019est d\u00e9roul\u00e9 entre le 14 octobre et 26 novembre 2016. L\u2019exceptionnel spectacle son et lumi\u00e8re&#8230;<\/p>\n","protected":false},"author":2,"featured_media":0,"parent":0,"menu_order":0,"comment_status":"closed","ping_status":"closed","template":"","meta":{"footnotes":""},"class_list":["post-8383","page","type-page","status-publish","hentry"],"yoast_head":"<!-- This site is optimized with the Yoast SEO plugin v27.0 - https:\/\/yoast.com\/product\/yoast-seo-wordpress\/ -->\n<title>Spectacle 2016 - Rendez-vous Bundesplatz<\/title>\n<meta name=\"robots\" content=\"index, follow, max-snippet:-1, max-image-preview:large, max-video-preview:-1\" \/>\n<link rel=\"canonical\" href=\"https:\/\/www.rendezvousbundesplatz.ch\/fr\/spectacle-2016\/\" \/>\n<meta property=\"og:locale\" content=\"fr_FR\" \/>\n<meta property=\"og:type\" content=\"article\" \/>\n<meta property=\"og:title\" content=\"Spectacle 2016 - Rendez-vous Bundesplatz\" \/>\n<meta property=\"og:description\" content=\"[vc_row css_animation=\u00a0\u00bb\u00a0\u00bb row_type=\u00a0\u00bbrow\u00a0\u00bb use_row_as_full_screen_section=\u00a0\u00bbno\u00a0\u00bb type=\u00a0\u00bbfull_width\u00a0\u00bb angled_section=\u00a0\u00bbno\u00a0\u00bb text_align=\u00a0\u00bbleft\u00a0\u00bb background_image_as_pattern=\u00a0\u00bbwithout_pattern\u00a0\u00bb][vc_column width=\u00a0\u00bb1\/2&Prime;][vc_empty_space][vc_column_text] Sp\u00e9ctacle 2016 : \u00ab Tutti Fratelli \u00bb [\/vc_column_text][vc_column_text]Plus de 584\u2019300 spectateurs et spectatrices ont pu se r\u00e9galer au sixi\u00e8me Show qui s\u2019est d\u00e9roul\u00e9 entre le 14 octobre et 26 novembre 2016. L\u2019exceptionnel spectacle son et lumi\u00e8re...\" \/>\n<meta property=\"og:url\" content=\"https:\/\/www.rendezvousbundesplatz.ch\/fr\/spectacle-2016\/\" \/>\n<meta property=\"og:site_name\" content=\"Rendez-vous Bundesplatz\" \/>\n<meta property=\"article:modified_time\" content=\"2017-09-04T03:19:06+00:00\" \/>\n<meta property=\"og:image\" content=\"https:\/\/www.rendezvousbundesplatz.ch\/wp-content\/uploads\/2016\/11\/rvb16_161126-7-300x200.jpg\" \/>\n<meta name=\"twitter:label1\" content=\"Dur\u00e9e de lecture estim\u00e9e\" \/>\n\t<meta name=\"twitter:data1\" content=\"2 minutes\" \/>\n<script type=\"application\/ld+json\" class=\"yoast-schema-graph\">{\"@context\":\"https:\/\/schema.org\",\"@graph\":[{\"@type\":\"WebPage\",\"@id\":\"https:\/\/www.rendezvousbundesplatz.ch\/fr\/spectacle-2016\/\",\"url\":\"https:\/\/www.rendezvousbundesplatz.ch\/fr\/spectacle-2016\/\",\"name\":\"Spectacle 2016 - Rendez-vous Bundesplatz\",\"isPartOf\":{\"@id\":\"https:\/\/www.rendezvousbundesplatz.ch\/#website\"},\"datePublished\":\"2016-06-23T08:17:04+00:00\",\"dateModified\":\"2017-09-04T03:19:06+00:00\",\"breadcrumb\":{\"@id\":\"https:\/\/www.rendezvousbundesplatz.ch\/fr\/spectacle-2016\/#breadcrumb\"},\"inLanguage\":\"fr-FR\",\"potentialAction\":[{\"@type\":\"ReadAction\",\"target\":[\"https:\/\/www.rendezvousbundesplatz.ch\/fr\/spectacle-2016\/\"]}]},{\"@type\":\"BreadcrumbList\",\"@id\":\"https:\/\/www.rendezvousbundesplatz.ch\/fr\/spectacle-2016\/#breadcrumb\",\"itemListElement\":[{\"@type\":\"ListItem\",\"position\":1,\"name\":\"Home\",\"item\":\"https:\/\/www.rendezvousbundesplatz.ch\/fr\/bienvenue\/\"},{\"@type\":\"ListItem\",\"position\":2,\"name\":\"Spectacle 2016\"}]},{\"@type\":\"WebSite\",\"@id\":\"https:\/\/www.rendezvousbundesplatz.ch\/#website\",\"url\":\"https:\/\/www.rendezvousbundesplatz.ch\/\",\"name\":\"Rendez-vous Bundesplatz\",\"description\":\"18 octobre au 22 novembre 2025\",\"potentialAction\":[{\"@type\":\"SearchAction\",\"target\":{\"@type\":\"EntryPoint\",\"urlTemplate\":\"https:\/\/www.rendezvousbundesplatz.ch\/?s={search_term_string}\"},\"query-input\":{\"@type\":\"PropertyValueSpecification\",\"valueRequired\":true,\"valueName\":\"search_term_string\"}}],\"inLanguage\":\"fr-FR\"}]}<\/script>\n<!-- \/ Yoast SEO plugin. -->","yoast_head_json":{"title":"Spectacle 2016 - Rendez-vous Bundesplatz","robots":{"index":"index","follow":"follow","max-snippet":"max-snippet:-1","max-image-preview":"max-image-preview:large","max-video-preview":"max-video-preview:-1"},"canonical":"https:\/\/www.rendezvousbundesplatz.ch\/fr\/spectacle-2016\/","og_locale":"fr_FR","og_type":"article","og_title":"Spectacle 2016 - Rendez-vous Bundesplatz","og_description":"[vc_row css_animation=\u00a0\u00bb\u00a0\u00bb row_type=\u00a0\u00bbrow\u00a0\u00bb use_row_as_full_screen_section=\u00a0\u00bbno\u00a0\u00bb type=\u00a0\u00bbfull_width\u00a0\u00bb angled_section=\u00a0\u00bbno\u00a0\u00bb text_align=\u00a0\u00bbleft\u00a0\u00bb background_image_as_pattern=\u00a0\u00bbwithout_pattern\u00a0\u00bb][vc_column width=\u00a0\u00bb1\/2&Prime;][vc_empty_space][vc_column_text] Sp\u00e9ctacle 2016 : \u00ab Tutti Fratelli \u00bb [\/vc_column_text][vc_column_text]Plus de 584\u2019300 spectateurs et spectatrices ont pu se r\u00e9galer au sixi\u00e8me Show qui s\u2019est d\u00e9roul\u00e9 entre le 14 octobre et 26 novembre 2016. L\u2019exceptionnel spectacle son et lumi\u00e8re...","og_url":"https:\/\/www.rendezvousbundesplatz.ch\/fr\/spectacle-2016\/","og_site_name":"Rendez-vous Bundesplatz","article_modified_time":"2017-09-04T03:19:06+00:00","og_image":[{"url":"https:\/\/www.rendezvousbundesplatz.ch\/wp-content\/uploads\/2016\/11\/rvb16_161126-7-300x200.jpg","type":"","width":"","height":""}],"twitter_misc":{"Dur\u00e9e de lecture estim\u00e9e":"2 minutes"},"schema":{"@context":"https:\/\/schema.org","@graph":[{"@type":"WebPage","@id":"https:\/\/www.rendezvousbundesplatz.ch\/fr\/spectacle-2016\/","url":"https:\/\/www.rendezvousbundesplatz.ch\/fr\/spectacle-2016\/","name":"Spectacle 2016 - Rendez-vous Bundesplatz","isPartOf":{"@id":"https:\/\/www.rendezvousbundesplatz.ch\/#website"},"datePublished":"2016-06-23T08:17:04+00:00","dateModified":"2017-09-04T03:19:06+00:00","breadcrumb":{"@id":"https:\/\/www.rendezvousbundesplatz.ch\/fr\/spectacle-2016\/#breadcrumb"},"inLanguage":"fr-FR","potentialAction":[{"@type":"ReadAction","target":["https:\/\/www.rendezvousbundesplatz.ch\/fr\/spectacle-2016\/"]}]},{"@type":"BreadcrumbList","@id":"https:\/\/www.rendezvousbundesplatz.ch\/fr\/spectacle-2016\/#breadcrumb","itemListElement":[{"@type":"ListItem","position":1,"name":"Home","item":"https:\/\/www.rendezvousbundesplatz.ch\/fr\/bienvenue\/"},{"@type":"ListItem","position":2,"name":"Spectacle 2016"}]},{"@type":"WebSite","@id":"https:\/\/www.rendezvousbundesplatz.ch\/#website","url":"https:\/\/www.rendezvousbundesplatz.ch\/","name":"Rendez-vous Bundesplatz","description":"18 octobre au 22 novembre 2025","potentialAction":[{"@type":"SearchAction","target":{"@type":"EntryPoint","urlTemplate":"https:\/\/www.rendezvousbundesplatz.ch\/?s={search_term_string}"},"query-input":{"@type":"PropertyValueSpecification","valueRequired":true,"valueName":"search_term_string"}}],"inLanguage":"fr-FR"}]}},"_links":{"self":[{"href":"https:\/\/www.rendezvousbundesplatz.ch\/fr\/wp-json\/wp\/v2\/pages\/8383","targetHints":{"allow":["GET"]}}],"collection":[{"href":"https:\/\/www.rendezvousbundesplatz.ch\/fr\/wp-json\/wp\/v2\/pages"}],"about":[{"href":"https:\/\/www.rendezvousbundesplatz.ch\/fr\/wp-json\/wp\/v2\/types\/page"}],"author":[{"embeddable":true,"href":"https:\/\/www.rendezvousbundesplatz.ch\/fr\/wp-json\/wp\/v2\/users\/2"}],"replies":[{"embeddable":true,"href":"https:\/\/www.rendezvousbundesplatz.ch\/fr\/wp-json\/wp\/v2\/comments?post=8383"}],"version-history":[{"count":0,"href":"https:\/\/www.rendezvousbundesplatz.ch\/fr\/wp-json\/wp\/v2\/pages\/8383\/revisions"}],"wp:attachment":[{"href":"https:\/\/www.rendezvousbundesplatz.ch\/fr\/wp-json\/wp\/v2\/media?parent=8383"}],"curies":[{"name":"wp","href":"https:\/\/api.w.org\/{rel}","templated":true}]}}