{"id":16900,"date":"2023-08-15T11:06:23","date_gmt":"2023-08-15T09:06:23","guid":{"rendered":"https:\/\/www.rendezvousbundesplatz.ch\/lo-spettacolo-2023\/energia\/"},"modified":"2025-01-14T10:57:29","modified_gmt":"2025-01-14T09:57:29","slug":"energia","status":"publish","type":"page","link":"https:\/\/www.rendezvousbundesplatz.ch\/it\/energia\/","title":{"rendered":"Lo spettacolo del risparmio di luce"},"content":{"rendered":"<div class=\"wpb-content-wrapper\"><p>[vc_row css_animation=&#8221;&#8221; row_type=&#8221;row&#8221; use_row_as_full_screen_section=&#8221;no&#8221; type=&#8221;full_width&#8221; angled_section=&#8221;no&#8221; text_align=&#8221;center&#8221; background_image_as_pattern=&#8221;without_pattern&#8221; z_index=&#8221;&#8221;][vc_column][vc_empty_space][vc_column_text css=&#8221;&#8221;]<\/p>\n<p style=\"text-align: center;\">Senza luce, a Rendez-vous Bundesplatz non funziona nulla. S\u00ec, abbiamo bisogno di elettricit\u00e0. E s\u00ec, funziona! Anche il Rendez-vous Bundesplatz, il famoso evento Son-et-Lumi\u00e8re al Palazzo del Parlamento svizzero, pu\u00f2 far risparmiare elettricit\u00e0. Abbiamo iniziato a farlo su larga scala l\u2019anno 2022. Tra l\u2019altro, grazie alla pi\u00f9 recente tecnologia dei proiettori a fosfori laser: le sorgenti luminose laser, che non necessitano di manutenzione, consentono di risparmiare fino al 30% di energia.<\/p>\n<p style=\"text-align: center;\">Quest\u2019anno stiamo continuando. In linea con il principio guida della sostenibilit\u00e0: ridurre il consumo energetico, aumentare l\u2019efficienza energetica e promuovere le energie rinnovabili.<\/p>\n<p style=\"text-align: center;\">Anche quest\u2019anno utilizzeremo il cento per cento di energia rinnovabile proveniente da \u201cEnergie Wasser Bern\u201d, in breve \u201cewb\u201d. Secondo l\u2019ultimo studio comparativo dell\u2019Ufficio federale dell\u2019energia (UFE), ewb \u00e8 uno dei fornitori di energia pi\u00f9 sostenibili della Svizzera. Energie Wasser Bern ha ottenuto i migliori risultati in tutti i settori esaminati e ha conquistato il primo posto anche nelle categorie elettricit\u00e0 e gas.<\/p>\n<p style=\"text-align: center;\">ewb \u00e8 il partner perfetto per il Rendez-vous Bundesplatz.<\/p>\n<p style=\"text-align: center;\">Tutto inizia il 18 ottobre 2025. Ogni sera tre volte \u2013 alle 19.00, alle 20.00 e alle 21.00. E questo fino al 22 novembre 2025.<\/p>\n<p>[\/vc_column_text][vc_empty_space][vc_column_text]<\/p>\n<h2 style=\"text-align: center;\">Il nostro partner energetico<\/h2>\n<p>[\/vc_column_text][vc_empty_space][vc_single_image image=&#8221;17799&#8243; img_size=&#8221;&#8221; alignment=&#8221;center&#8221; onclick=&#8221;custom_link&#8221; img_link_target=&#8221;_blank&#8221; css=&#8221;&#8221; qode_css_animation=&#8221;&#8221; link=&#8221;https:\/\/www.ewb.ch\/&#8221;][vc_empty_space][\/vc_column][\/vc_row]<\/p>\n<\/div>","protected":false},"excerpt":{"rendered":"<p>[vc_row css_animation=&#8221;&#8221; row_type=&#8221;row&#8221; use_row_as_full_screen_section=&#8221;no&#8221; type=&#8221;full_width&#8221; angled_section=&#8221;no&#8221; text_align=&#8221;center&#8221; background_image_as_pattern=&#8221;without_pattern&#8221; z_index=&#8221;&#8221;][vc_column][vc_empty_space][vc_column_text css=&#8221;&#8221;] Senza luce, a Rendez-vous Bundesplatz non funziona nulla. S\u00ec, abbiamo bisogno di elettricit\u00e0. E s\u00ec, funziona! Anche il Rendez-vous Bundesplatz, il famoso evento Son-et-Lumi\u00e8re al Palazzo del Parlamento svizzero, pu\u00f2 far risparmiare elettricit\u00e0. Abbiamo iniziato&#8230;<\/p>\n","protected":false},"author":2,"featured_media":0,"parent":0,"menu_order":0,"comment_status":"closed","ping_status":"closed","template":"","meta":{"footnotes":""},"class_list":["post-16900","page","type-page","status-publish","hentry"],"yoast_head":"<!-- This site is optimized with the Yoast SEO plugin v27.0 - https:\/\/yoast.com\/product\/yoast-seo-wordpress\/ -->\n<title>Lo spettacolo del risparmio di luce - Rendez-vous Bundesplatz<\/title>\n<meta name=\"robots\" content=\"index, follow, max-snippet:-1, max-image-preview:large, max-video-preview:-1\" \/>\n<link rel=\"canonical\" href=\"https:\/\/www.rendezvousbundesplatz.ch\/it\/energia\/\" \/>\n<meta property=\"og:locale\" content=\"it_IT\" \/>\n<meta property=\"og:type\" content=\"article\" \/>\n<meta property=\"og:title\" content=\"Lo spettacolo del risparmio di luce - Rendez-vous Bundesplatz\" \/>\n<meta property=\"og:description\" content=\"[vc_row css_animation=&#8221;&#8221; row_type=&#8221;row&#8221; use_row_as_full_screen_section=&#8221;no&#8221; type=&#8221;full_width&#8221; angled_section=&#8221;no&#8221; text_align=&#8221;center&#8221; background_image_as_pattern=&#8221;without_pattern&#8221; z_index=&#8221;&#8221;][vc_column][vc_empty_space][vc_column_text css=&#8221;&#8221;] Senza luce, a Rendez-vous Bundesplatz non funziona nulla. S\u00ec, abbiamo bisogno di elettricit\u00e0. E s\u00ec, funziona! Anche il Rendez-vous Bundesplatz, il famoso evento Son-et-Lumi\u00e8re al Palazzo del Parlamento svizzero, pu\u00f2 far risparmiare elettricit\u00e0. Abbiamo iniziato...\" \/>\n<meta property=\"og:url\" content=\"https:\/\/www.rendezvousbundesplatz.ch\/it\/energia\/\" \/>\n<meta property=\"og:site_name\" content=\"Rendez-vous Bundesplatz\" \/>\n<meta property=\"article:modified_time\" content=\"2025-01-14T09:57:29+00:00\" \/>\n<meta name=\"twitter:label1\" content=\"Tempo di lettura stimato\" \/>\n\t<meta name=\"twitter:data1\" content=\"1 minuto\" \/>\n<script type=\"application\/ld+json\" class=\"yoast-schema-graph\">{\"@context\":\"https:\/\/schema.org\",\"@graph\":[{\"@type\":\"WebPage\",\"@id\":\"https:\/\/www.rendezvousbundesplatz.ch\/it\/energia\/\",\"url\":\"https:\/\/www.rendezvousbundesplatz.ch\/it\/energia\/\",\"name\":\"Lo spettacolo del risparmio di luce - Rendez-vous Bundesplatz\",\"isPartOf\":{\"@id\":\"https:\/\/www.rendezvousbundesplatz.ch\/#website\"},\"datePublished\":\"2023-08-15T09:06:23+00:00\",\"dateModified\":\"2025-01-14T09:57:29+00:00\",\"breadcrumb\":{\"@id\":\"https:\/\/www.rendezvousbundesplatz.ch\/it\/energia\/#breadcrumb\"},\"inLanguage\":\"it-IT\",\"potentialAction\":[{\"@type\":\"ReadAction\",\"target\":[\"https:\/\/www.rendezvousbundesplatz.ch\/it\/energia\/\"]}]},{\"@type\":\"BreadcrumbList\",\"@id\":\"https:\/\/www.rendezvousbundesplatz.ch\/it\/energia\/#breadcrumb\",\"itemListElement\":[{\"@type\":\"ListItem\",\"position\":1,\"name\":\"Home\",\"item\":\"https:\/\/www.rendezvousbundesplatz.ch\/it\/benvenuti\/\"},{\"@type\":\"ListItem\",\"position\":2,\"name\":\"Lo spettacolo del risparmio di luce\"}]},{\"@type\":\"WebSite\",\"@id\":\"https:\/\/www.rendezvousbundesplatz.ch\/#website\",\"url\":\"https:\/\/www.rendezvousbundesplatz.ch\/\",\"name\":\"Rendez-vous Bundesplatz\",\"description\":\"Dal 17 ottobre al 21 novembre 2026\",\"potentialAction\":[{\"@type\":\"SearchAction\",\"target\":{\"@type\":\"EntryPoint\",\"urlTemplate\":\"https:\/\/www.rendezvousbundesplatz.ch\/?s={search_term_string}\"},\"query-input\":{\"@type\":\"PropertyValueSpecification\",\"valueRequired\":true,\"valueName\":\"search_term_string\"}}],\"inLanguage\":\"it-IT\"}]}<\/script>\n<!-- \/ Yoast SEO plugin. -->","yoast_head_json":{"title":"Lo spettacolo del risparmio di luce - Rendez-vous Bundesplatz","robots":{"index":"index","follow":"follow","max-snippet":"max-snippet:-1","max-image-preview":"max-image-preview:large","max-video-preview":"max-video-preview:-1"},"canonical":"https:\/\/www.rendezvousbundesplatz.ch\/it\/energia\/","og_locale":"it_IT","og_type":"article","og_title":"Lo spettacolo del risparmio di luce - Rendez-vous Bundesplatz","og_description":"[vc_row css_animation=&#8221;&#8221; row_type=&#8221;row&#8221; use_row_as_full_screen_section=&#8221;no&#8221; type=&#8221;full_width&#8221; angled_section=&#8221;no&#8221; text_align=&#8221;center&#8221; background_image_as_pattern=&#8221;without_pattern&#8221; z_index=&#8221;&#8221;][vc_column][vc_empty_space][vc_column_text css=&#8221;&#8221;] Senza luce, a Rendez-vous Bundesplatz non funziona nulla. S\u00ec, abbiamo bisogno di elettricit\u00e0. E s\u00ec, funziona! Anche il Rendez-vous Bundesplatz, il famoso evento Son-et-Lumi\u00e8re al Palazzo del Parlamento svizzero, pu\u00f2 far risparmiare elettricit\u00e0. Abbiamo iniziato...","og_url":"https:\/\/www.rendezvousbundesplatz.ch\/it\/energia\/","og_site_name":"Rendez-vous Bundesplatz","article_modified_time":"2025-01-14T09:57:29+00:00","twitter_misc":{"Tempo di lettura stimato":"1 minuto"},"schema":{"@context":"https:\/\/schema.org","@graph":[{"@type":"WebPage","@id":"https:\/\/www.rendezvousbundesplatz.ch\/it\/energia\/","url":"https:\/\/www.rendezvousbundesplatz.ch\/it\/energia\/","name":"Lo spettacolo del risparmio di luce - Rendez-vous Bundesplatz","isPartOf":{"@id":"https:\/\/www.rendezvousbundesplatz.ch\/#website"},"datePublished":"2023-08-15T09:06:23+00:00","dateModified":"2025-01-14T09:57:29+00:00","breadcrumb":{"@id":"https:\/\/www.rendezvousbundesplatz.ch\/it\/energia\/#breadcrumb"},"inLanguage":"it-IT","potentialAction":[{"@type":"ReadAction","target":["https:\/\/www.rendezvousbundesplatz.ch\/it\/energia\/"]}]},{"@type":"BreadcrumbList","@id":"https:\/\/www.rendezvousbundesplatz.ch\/it\/energia\/#breadcrumb","itemListElement":[{"@type":"ListItem","position":1,"name":"Home","item":"https:\/\/www.rendezvousbundesplatz.ch\/it\/benvenuti\/"},{"@type":"ListItem","position":2,"name":"Lo spettacolo del risparmio di luce"}]},{"@type":"WebSite","@id":"https:\/\/www.rendezvousbundesplatz.ch\/#website","url":"https:\/\/www.rendezvousbundesplatz.ch\/","name":"Rendez-vous Bundesplatz","description":"Dal 17 ottobre al 21 novembre 2026","potentialAction":[{"@type":"SearchAction","target":{"@type":"EntryPoint","urlTemplate":"https:\/\/www.rendezvousbundesplatz.ch\/?s={search_term_string}"},"query-input":{"@type":"PropertyValueSpecification","valueRequired":true,"valueName":"search_term_string"}}],"inLanguage":"it-IT"}]}},"_links":{"self":[{"href":"https:\/\/www.rendezvousbundesplatz.ch\/it\/wp-json\/wp\/v2\/pages\/16900","targetHints":{"allow":["GET"]}}],"collection":[{"href":"https:\/\/www.rendezvousbundesplatz.ch\/it\/wp-json\/wp\/v2\/pages"}],"about":[{"href":"https:\/\/www.rendezvousbundesplatz.ch\/it\/wp-json\/wp\/v2\/types\/page"}],"author":[{"embeddable":true,"href":"https:\/\/www.rendezvousbundesplatz.ch\/it\/wp-json\/wp\/v2\/users\/2"}],"replies":[{"embeddable":true,"href":"https:\/\/www.rendezvousbundesplatz.ch\/it\/wp-json\/wp\/v2\/comments?post=16900"}],"version-history":[{"count":27,"href":"https:\/\/www.rendezvousbundesplatz.ch\/it\/wp-json\/wp\/v2\/pages\/16900\/revisions"}],"predecessor-version":[{"id":18525,"href":"https:\/\/www.rendezvousbundesplatz.ch\/it\/wp-json\/wp\/v2\/pages\/16900\/revisions\/18525"}],"wp:attachment":[{"href":"https:\/\/www.rendezvousbundesplatz.ch\/it\/wp-json\/wp\/v2\/media?parent=16900"}],"curies":[{"name":"wp","href":"https:\/\/api.w.org\/{rel}","templated":true}]}}