{"id":8835,"date":"2017-09-03T15:35:12","date_gmt":"2017-09-03T13:35:12","guid":{"rendered":"http:\/\/rvb.wpengine.com\/?page_id=8835\/"},"modified":"2018-02-22T23:31:10","modified_gmt":"2018-02-22T22:31:10","slug":"lo-spettacolo-2017","status":"publish","type":"page","link":"https:\/\/www.rendezvousbundesplatz.ch\/it\/lo-spettacolo-2017\/","title":{"rendered":"Lo spettacolo 2017"},"content":{"rendered":"<div class=\"wpb-content-wrapper\"><p>[vc_row css_animation=&#8221;&#8221; row_type=&#8221;row&#8221; use_row_as_full_screen_section=&#8221;no&#8221; type=&#8221;full_width&#8221; angled_section=&#8221;no&#8221; text_align=&#8221;left&#8221; background_image_as_pattern=&#8221;without_pattern&#8221;][vc_column width=&#8221;1\/2&#8243;][vc_empty_space][vc_column_text]<\/p>\n<h2>Lo spettacolo 2017<\/h2>\n<p>Ci troviamo verso la fine del XV e l\u2019inizio del XVI secolo. Il mondo sta attraversando cambiamenti epocali e si assiste all\u2019avvento di una nuova era. Nuovi media, nuovi mondi, nuova mentalit\u00e0. Gutenberg ha inventato la stampa, l\u2019America \u00e8 stata scoperta, gli umanisti danno vita ad una nuova immagine dell\u2019uomo.<\/p>\n<p>La peste invade tutto il paese come una furia omicida, seminando morte ovunque, veloce e senza piet\u00e0. La gente muore ogni giorno, ogni ora, all\u2019istante. La paura del trapasso repentino deve essere stata davvero agghiacciante. L\u2019ira divina, il timore del Giudizio universale e delle torture dell\u2019inferno, alimentati da preti e predicatori dell\u2019odio, possono solo essere placati tramite donazioni, offerte, pellegrinaggi e lettere d\u2019indulgenza. Un vero business.<\/p>\n<p>Ed \u00e8 proprio a quel punto che Martin Lutero, esattamente cinquecento anni fa, il 31 ottobre 1517, prende il martello e affigge le sue 95 tesi contro il traffico delle indulgenze alla porta della cattedrale di Wittenberg. Forse. O forse no. L\u2019affissione non \u00e8 certa dal punto di vista storico, ma \u00e8 considerata la leggendaria scintilla da cui \u00e8 scaturita la Riforma. Certo \u00e8 che Lutero in quella data ha spedito le sue tesi a due vescovi e in seguito ad altri dignitari, innescando un processo inarrestabile.<\/p>\n<p>Quello che Lutero \u00e8 stato per i tedeschi, Zwingli lo \u00e8 stato per gli svizzeri. Anche questo Huldrych Zwingli, 35enne, prete secolare presso la chiesa Grossm\u00fcnster di Zurigo, si ammala di peste, ma al contrario di circa un quarto degli allora settemila abitanti di Zurigo, sopravvive. Qualche anno dopo, la scintilla iniziale della Riforma a Zurigo \u00e8 una mangiata di salsicce in pubblico nella casa del tipografo Christoph Froschauer, che pubblica la traduzione della Bibbia di Zwingli. Il momento scelto vuole essere una provo- cazione: siamo in piena Quaresima. In seguito, Zwingli, approvando questa azione, pubblicher\u00e0 il suo primo scritto riformatore che sar\u00e0 la causa del primo violento scontro con il vescovo di Costanza: la prima disputa.<\/p>\n<p>La Riforma divide per la prima volta la campagna dalle citt\u00e0 nella Confederazione. Mentre Zurigo, Basilea e Sciaffusa abbracciano la nuova fede, le localit\u00e0 della Svizzera centrale restano fedeli alla vecchia. Scoppia la guerra trai i cantoni protestanti e quelli cattolici. La prima guerra di Kappel finisce pacificamente con la leggendaria zuppa di latte, la seconda mieter\u00e0 vittime e coster\u00e0 la vita a Zwingli.<\/p>\n<p>Anche a Ginevra le cose non procedono esattamente in maniera pacifica, l\u00ec infatti Giovanni Calvino impone con mano dura la propria Riforma. E raggiunge a livello mondiale la maggiore risonanza tra tutti i riformatori, facendo della citt\u00e0 sul Rodano la \u00ab Roma del Protestantesimo \u00bb.[\/vc_column_text][\/vc_column][vc_column width=&#8221;1\/2&#8243;][vc_empty_space height=&#8221;36px&#8221;][vc_gallery type=&#8221;image_grid&#8221; images=&#8221;9020,9011,9018,9021,9013,9014,9010,9017,9012,9016&#8243; img_size=&#8221;medium&#8221; column_number=&#8221;2&#8243; grayscale=&#8221;no&#8221; images_space=&#8221;gallery_with_space&#8221;][vc_empty_space][vc_video link=&#8221;https:\/\/www.youtube.com\/watch?v=iM181EgbHZ4&#8243; title=&#8221;Trailer&#8221;][vc_empty_space][vc_video link=&#8221;https:\/\/www.youtube.com\/watch?v=ETdQ2lXFlzE&#8221; title=&#8221;Show&#8221;][vc_empty_space][\/vc_column][\/vc_row][vc_row css_animation=&#8221;&#8221; row_type=&#8221;row&#8221; use_row_as_full_screen_section=&#8221;no&#8221; type=&#8221;full_width&#8221; angled_section=&#8221;no&#8221; text_align=&#8221;left&#8221; background_image_as_pattern=&#8221;without_pattern&#8221;][vc_column][vc_empty_space height=&#8221;64px&#8221;][\/vc_column][\/vc_row][vc_row css_animation=&#8221;&#8221; row_type=&#8221;row&#8221; use_row_as_full_screen_section=&#8221;no&#8221; type=&#8221;full_width&#8221; angled_section=&#8221;no&#8221; text_align=&#8221;left&#8221; background_image_as_pattern=&#8221;without_pattern&#8221;][vc_column][vc_empty_space height=&#8221;64px&#8221;][\/vc_column][\/vc_row]<\/p>\n<\/div>","protected":false},"excerpt":{"rendered":"<p>[vc_row css_animation=&#8221;&#8221; row_type=&#8221;row&#8221; use_row_as_full_screen_section=&#8221;no&#8221; type=&#8221;full_width&#8221; angled_section=&#8221;no&#8221; text_align=&#8221;left&#8221; background_image_as_pattern=&#8221;without_pattern&#8221;][vc_column width=&#8221;1\/2&#8243;][vc_empty_space][vc_column_text] Lo spettacolo 2017 Ci troviamo verso la fine del XV e l\u2019inizio del XVI secolo. Il mondo sta attraversando cambiamenti epocali e si assiste all\u2019avvento di una nuova era. Nuovi media, nuovi mondi, nuova mentalit\u00e0. Gutenberg&#8230;<\/p>\n","protected":false},"author":2,"featured_media":0,"parent":0,"menu_order":0,"comment_status":"closed","ping_status":"closed","template":"","meta":{"footnotes":""},"class_list":["post-8835","page","type-page","status-publish","hentry"],"yoast_head":"<!-- This site is optimized with the Yoast SEO plugin v27.0 - https:\/\/yoast.com\/product\/yoast-seo-wordpress\/ -->\n<title>Lo spettacolo 2017 - Rendez-vous Bundesplatz<\/title>\n<meta name=\"robots\" content=\"index, follow, max-snippet:-1, max-image-preview:large, max-video-preview:-1\" \/>\n<link rel=\"canonical\" href=\"https:\/\/www.rendezvousbundesplatz.ch\/it\/lo-spettacolo-2017\/\" \/>\n<meta property=\"og:locale\" content=\"it_IT\" \/>\n<meta property=\"og:type\" content=\"article\" \/>\n<meta property=\"og:title\" content=\"Lo spettacolo 2017 - Rendez-vous Bundesplatz\" \/>\n<meta property=\"og:description\" content=\"[vc_row css_animation=&#8221;&#8221; row_type=&#8221;row&#8221; use_row_as_full_screen_section=&#8221;no&#8221; type=&#8221;full_width&#8221; angled_section=&#8221;no&#8221; text_align=&#8221;left&#8221; background_image_as_pattern=&#8221;without_pattern&#8221;][vc_column width=&#8221;1\/2&#8243;][vc_empty_space][vc_column_text] Lo spettacolo 2017 Ci troviamo verso la fine del XV e l\u2019inizio del XVI secolo. Il mondo sta attraversando cambiamenti epocali e si assiste all\u2019avvento di una nuova era. Nuovi media, nuovi mondi, nuova mentalit\u00e0. Gutenberg...\" \/>\n<meta property=\"og:url\" content=\"https:\/\/www.rendezvousbundesplatz.ch\/it\/lo-spettacolo-2017\/\" \/>\n<meta property=\"og:site_name\" content=\"Rendez-vous Bundesplatz\" \/>\n<meta property=\"article:modified_time\" content=\"2018-02-22T22:31:10+00:00\" \/>\n<meta name=\"twitter:label1\" content=\"Tempo di lettura stimato\" \/>\n\t<meta name=\"twitter:data1\" content=\"3 minuti\" \/>\n<script type=\"application\/ld+json\" class=\"yoast-schema-graph\">{\"@context\":\"https:\/\/schema.org\",\"@graph\":[{\"@type\":\"WebPage\",\"@id\":\"https:\/\/www.rendezvousbundesplatz.ch\/it\/lo-spettacolo-2017\/\",\"url\":\"https:\/\/www.rendezvousbundesplatz.ch\/it\/lo-spettacolo-2017\/\",\"name\":\"Lo spettacolo 2017 - Rendez-vous Bundesplatz\",\"isPartOf\":{\"@id\":\"https:\/\/www.rendezvousbundesplatz.ch\/#website\"},\"datePublished\":\"2017-09-03T13:35:12+00:00\",\"dateModified\":\"2018-02-22T22:31:10+00:00\",\"breadcrumb\":{\"@id\":\"https:\/\/www.rendezvousbundesplatz.ch\/it\/lo-spettacolo-2017\/#breadcrumb\"},\"inLanguage\":\"it-IT\",\"potentialAction\":[{\"@type\":\"ReadAction\",\"target\":[\"https:\/\/www.rendezvousbundesplatz.ch\/it\/lo-spettacolo-2017\/\"]}]},{\"@type\":\"BreadcrumbList\",\"@id\":\"https:\/\/www.rendezvousbundesplatz.ch\/it\/lo-spettacolo-2017\/#breadcrumb\",\"itemListElement\":[{\"@type\":\"ListItem\",\"position\":1,\"name\":\"Home\",\"item\":\"https:\/\/www.rendezvousbundesplatz.ch\/it\/benvenuti\/\"},{\"@type\":\"ListItem\",\"position\":2,\"name\":\"Lo spettacolo 2017\"}]},{\"@type\":\"WebSite\",\"@id\":\"https:\/\/www.rendezvousbundesplatz.ch\/#website\",\"url\":\"https:\/\/www.rendezvousbundesplatz.ch\/\",\"name\":\"Rendez-vous Bundesplatz\",\"description\":\"Dal 18 ottobre al 22 novembre 2025\",\"potentialAction\":[{\"@type\":\"SearchAction\",\"target\":{\"@type\":\"EntryPoint\",\"urlTemplate\":\"https:\/\/www.rendezvousbundesplatz.ch\/?s={search_term_string}\"},\"query-input\":{\"@type\":\"PropertyValueSpecification\",\"valueRequired\":true,\"valueName\":\"search_term_string\"}}],\"inLanguage\":\"it-IT\"}]}<\/script>\n<!-- \/ Yoast SEO plugin. -->","yoast_head_json":{"title":"Lo spettacolo 2017 - Rendez-vous Bundesplatz","robots":{"index":"index","follow":"follow","max-snippet":"max-snippet:-1","max-image-preview":"max-image-preview:large","max-video-preview":"max-video-preview:-1"},"canonical":"https:\/\/www.rendezvousbundesplatz.ch\/it\/lo-spettacolo-2017\/","og_locale":"it_IT","og_type":"article","og_title":"Lo spettacolo 2017 - Rendez-vous Bundesplatz","og_description":"[vc_row css_animation=&#8221;&#8221; row_type=&#8221;row&#8221; use_row_as_full_screen_section=&#8221;no&#8221; type=&#8221;full_width&#8221; angled_section=&#8221;no&#8221; text_align=&#8221;left&#8221; background_image_as_pattern=&#8221;without_pattern&#8221;][vc_column width=&#8221;1\/2&#8243;][vc_empty_space][vc_column_text] Lo spettacolo 2017 Ci troviamo verso la fine del XV e l\u2019inizio del XVI secolo. Il mondo sta attraversando cambiamenti epocali e si assiste all\u2019avvento di una nuova era. Nuovi media, nuovi mondi, nuova mentalit\u00e0. Gutenberg...","og_url":"https:\/\/www.rendezvousbundesplatz.ch\/it\/lo-spettacolo-2017\/","og_site_name":"Rendez-vous Bundesplatz","article_modified_time":"2018-02-22T22:31:10+00:00","twitter_misc":{"Tempo di lettura stimato":"3 minuti"},"schema":{"@context":"https:\/\/schema.org","@graph":[{"@type":"WebPage","@id":"https:\/\/www.rendezvousbundesplatz.ch\/it\/lo-spettacolo-2017\/","url":"https:\/\/www.rendezvousbundesplatz.ch\/it\/lo-spettacolo-2017\/","name":"Lo spettacolo 2017 - Rendez-vous Bundesplatz","isPartOf":{"@id":"https:\/\/www.rendezvousbundesplatz.ch\/#website"},"datePublished":"2017-09-03T13:35:12+00:00","dateModified":"2018-02-22T22:31:10+00:00","breadcrumb":{"@id":"https:\/\/www.rendezvousbundesplatz.ch\/it\/lo-spettacolo-2017\/#breadcrumb"},"inLanguage":"it-IT","potentialAction":[{"@type":"ReadAction","target":["https:\/\/www.rendezvousbundesplatz.ch\/it\/lo-spettacolo-2017\/"]}]},{"@type":"BreadcrumbList","@id":"https:\/\/www.rendezvousbundesplatz.ch\/it\/lo-spettacolo-2017\/#breadcrumb","itemListElement":[{"@type":"ListItem","position":1,"name":"Home","item":"https:\/\/www.rendezvousbundesplatz.ch\/it\/benvenuti\/"},{"@type":"ListItem","position":2,"name":"Lo spettacolo 2017"}]},{"@type":"WebSite","@id":"https:\/\/www.rendezvousbundesplatz.ch\/#website","url":"https:\/\/www.rendezvousbundesplatz.ch\/","name":"Rendez-vous Bundesplatz","description":"Dal 18 ottobre al 22 novembre 2025","potentialAction":[{"@type":"SearchAction","target":{"@type":"EntryPoint","urlTemplate":"https:\/\/www.rendezvousbundesplatz.ch\/?s={search_term_string}"},"query-input":{"@type":"PropertyValueSpecification","valueRequired":true,"valueName":"search_term_string"}}],"inLanguage":"it-IT"}]}},"_links":{"self":[{"href":"https:\/\/www.rendezvousbundesplatz.ch\/it\/wp-json\/wp\/v2\/pages\/8835","targetHints":{"allow":["GET"]}}],"collection":[{"href":"https:\/\/www.rendezvousbundesplatz.ch\/it\/wp-json\/wp\/v2\/pages"}],"about":[{"href":"https:\/\/www.rendezvousbundesplatz.ch\/it\/wp-json\/wp\/v2\/types\/page"}],"author":[{"embeddable":true,"href":"https:\/\/www.rendezvousbundesplatz.ch\/it\/wp-json\/wp\/v2\/users\/2"}],"replies":[{"embeddable":true,"href":"https:\/\/www.rendezvousbundesplatz.ch\/it\/wp-json\/wp\/v2\/comments?post=8835"}],"version-history":[{"count":0,"href":"https:\/\/www.rendezvousbundesplatz.ch\/it\/wp-json\/wp\/v2\/pages\/8835\/revisions"}],"wp:attachment":[{"href":"https:\/\/www.rendezvousbundesplatz.ch\/it\/wp-json\/wp\/v2\/media?parent=8835"}],"curies":[{"name":"wp","href":"https:\/\/api.w.org\/{rel}","templated":true}]}}